{"id":717,"date":"2025-07-31T16:33:56","date_gmt":"2025-07-31T14:33:56","guid":{"rendered":"https:\/\/alice-poitevin.fr\/?page_id=717"},"modified":"2025-07-31T17:11:50","modified_gmt":"2025-07-31T15:11:50","slug":"droit-penal","status":"publish","type":"page","link":"https:\/\/alice-poitevin.fr\/index.php\/droit-penal\/","title":{"rendered":"Droit p\u00e9nal"},"content":{"rendered":"\n<section class=\"wp-block-group alignfull has-global-padding is-layout-constrained wp-container-core-group-is-layout-608bbd49 wp-block-group-is-layout-constrained\" style=\"margin-top:0px;padding-top:6rem;padding-right:1rem;padding-bottom:5rem;padding-left:1rem;font-size:clamp(0.875rem, 0.875rem + ((1vw - 0.2rem) * 0.464), 1.13rem);font-style:normal;font-weight:400;line-height:1.4\">\n<div class=\"wp-block-columns is-layout-flex wp-container-core-columns-is-layout-03ad6a19 wp-block-columns-is-layout-flex\" style=\"margin-bottom:0px\">\n<div class=\"wp-block-column is-vertically-aligned-center is-layout-flow wp-block-column-is-layout-flow\" style=\"flex-basis:50%\">\n<figure class=\"wp-block-image alignleft size-large has-custom-border\"><img fetchpriority=\"high\" decoding=\"async\" width=\"768\" height=\"1024\" src=\"http:\/\/alice-poitevin.fr\/wp-content\/uploads\/2024\/08\/carles-rabada-gwwWhABtohs-unsplash-768x1024.jpg\" alt=\"\" class=\"wp-image-242\" style=\"border-style:none;border-width:0px;border-radius:70px;aspect-ratio:2\/3;object-fit:cover\" srcset=\"https:\/\/alice-poitevin.fr\/wp-content\/uploads\/2024\/08\/carles-rabada-gwwWhABtohs-unsplash-768x1024.jpg 768w, https:\/\/alice-poitevin.fr\/wp-content\/uploads\/2024\/08\/carles-rabada-gwwWhABtohs-unsplash-225x300.jpg 225w, https:\/\/alice-poitevin.fr\/wp-content\/uploads\/2024\/08\/carles-rabada-gwwWhABtohs-unsplash-1152x1536.jpg 1152w, https:\/\/alice-poitevin.fr\/wp-content\/uploads\/2024\/08\/carles-rabada-gwwWhABtohs-unsplash-1536x2048.jpg 1536w, https:\/\/alice-poitevin.fr\/wp-content\/uploads\/2024\/08\/carles-rabada-gwwWhABtohs-unsplash-scaled.jpg 1920w\" sizes=\"(max-width: 768px) 100vw, 768px\" \/><\/figure>\n<\/div>\n\n\n\n<div class=\"wp-block-column is-vertically-aligned-center has-global-padding is-layout-constrained wp-container-core-column-is-layout-c4a7d96a wp-block-column-is-layout-constrained\" style=\"flex-basis:50%\">\n<h3 class=\"wp-block-heading has-text-align-left has-text-color has-suranna-font-family\" style=\"color:#000000;margin-top:0.5rem;margin-bottom:0rem;font-size:clamp(24.034px, 1.502rem + ((1vw - 3.2px) * 1.814), 40px);font-style:normal;font-weight:500;letter-spacing:0px;line-height:1.3\">Droit p\u00e9nal<\/h3>\n\n\n\n<p class=\"has-text-align-left has-text-color has-pontano-sans-font-family\" style=\"color:#000000;margin-top:20px;margin-bottom:20px;font-size:clamp(14px, 0.875rem + ((1vw - 3.2px) * 0.455), 18px);font-style:normal;font-weight:400;line-height:1.5\">Je vous d\u00e9fends quelque soit l&rsquo;infraction au code p\u00e9nal que l&rsquo;on vous reproche :<\/p>\n\n\n\n<ul class=\"wp-block-list\">\n<li>Violences volontaires : avec arme, en r\u00e9union, &#8230;<br><\/li>\n\n\n\n<li>Infractions li\u00e9es aux stup\u00e9fiants : usage, d\u00e9tention, emploi, offre ou cession (vente ou trafic),<br><\/li>\n\n\n\n<li>Vol, cambriolage, recel,<br><\/li>\n\n\n\n<li>Agressions sexuelles, viols, harc\u00e8lement,<br><\/li>\n\n\n\n<li>Homicide involontaire, blessures involontaires,<br><\/li>\n\n\n\n<li>Homicide volontaire : meurtre, assassinat,<br><\/li>\n\n\n\n<li>Abus de confiance, escroquerie, fraude,<br><\/li>\n\n\n\n<li>. . .<\/li>\n<\/ul>\n\n\n\n<div style=\"height:45px\" aria-hidden=\"true\" class=\"wp-block-spacer\"><\/div>\n\n\n\n<div class=\"wp-block-buttons is-horizontal is-content-justification-left is-layout-flex wp-container-core-buttons-is-layout-2c34cf1c wp-block-buttons-is-layout-flex\" style=\"margin-top:0.51rem\">\n<div class=\"wp-block-button has-custom-width wp-block-button__width-50 has-custom-font-size is-style-fill has-pontano-sans-font-family\" style=\"font-size:clamp(0.875rem, 0.875rem + ((1vw - 0.2rem) * 0.245), 1.01rem);font-style:normal;font-weight:600;letter-spacing:1px;line-height:1.5;text-transform:uppercase\"><a class=\"wp-block-button__link has-text-color has-background wp-element-button\" href=\"http:\/\/alice-poitevin.fr\/?page_id=653&amp;preview=true\" style=\"border-style:none;border-width:0px;border-radius:0rem;color:#fffffd;background-color:#000000;padding-top:0.71rem;padding-right:0.31rem;padding-bottom:0.71rem;padding-left:0.31rem\">Contacter le cabinet<\/a><\/div>\n<\/div>\n<\/div>\n<\/div>\n\n\n\n<div style=\"height:100px\" aria-hidden=\"true\" class=\"wp-block-spacer\"><\/div>\n\n\n\n<div class=\"wp-block-columns is-layout-flex wp-container-core-columns-is-layout-03ad6a19 wp-block-columns-is-layout-flex\" style=\"margin-bottom:0px\">\n<div class=\"wp-block-column is-vertically-aligned-center has-global-padding is-layout-constrained wp-container-core-column-is-layout-c4a7d96a wp-block-column-is-layout-constrained\" style=\"flex-basis:50%\">\n<p class=\"has-text-align-left has-text-color has-pontano-sans-font-family\" style=\"color:#000000;margin-top:20px;margin-bottom:20px;font-size:clamp(14px, 0.875rem + ((1vw - 3.2px) * 0.455), 18px);font-style:normal;font-weight:400;line-height:1.5\">Je vous d\u00e9fends \u00e9galement quelque soit le stade de la proc\u00e9dure :<\/p>\n\n\n\n<ul class=\"wp-block-list\">\n<li>Garde \u00e0 vue, audition libre,<br><\/li>\n\n\n\n<li>Convocation devant le Tribunal correctionnel, <br>Comparution imm\u00e9diate, CRPC (plaider coupable),<br><\/li>\n\n\n\n<li>Pr\u00e9venu, accus\u00e9, mis en examen ou victime,<br><\/li>\n\n\n\n<li>Instruction correctionnelle, instruction criminelle,<br><\/li>\n\n\n\n<li>D\u00e9tention provisoire, Juge des libert\u00e9s et de la d\u00e9tention,<br><\/li>\n\n\n\n<li>Am\u00e9nagement de peine, Juge de l&rsquo;application des peines,<br><\/li>\n\n\n\n<li>Tribunal de police, Tribunal correctionnel, JIRS,<br><\/li>\n\n\n\n<li>Cour d&rsquo;assises, Cour criminelle d\u00e9partementale,<br><\/li>\n\n\n\n<li>. . .<\/li>\n<\/ul>\n\n\n\n<div style=\"height:45px\" aria-hidden=\"true\" class=\"wp-block-spacer\"><\/div>\n\n\n\n<div class=\"wp-block-buttons is-horizontal is-content-justification-center is-layout-flex wp-container-core-buttons-is-layout-a300a970 wp-block-buttons-is-layout-flex\" style=\"margin-top:0.51rem\">\n<div class=\"wp-block-button has-custom-width wp-block-button__width-50 has-custom-font-size is-style-fill has-pontano-sans-font-family\" style=\"font-size:clamp(0.875rem, 0.875rem + ((1vw - 0.2rem) * 0.245), 1.01rem);font-style:normal;font-weight:600;letter-spacing:1px;line-height:1.5;text-transform:uppercase\"><a class=\"wp-block-button__link has-text-color has-background has-text-align-center wp-element-button\" href=\"http:\/\/alice-poitevin.fr\/?page_id=297&amp;preview=true\" style=\"border-style:none;border-width:0px;border-radius:0rem;color:#fffffd;background-color:#000000;padding-top:0.71rem;padding-right:0.31rem;padding-bottom:0.71rem;padding-left:0.31rem\">LES CLIENTS QUI M&rsquo;ONT D\u00c9J\u00c0 FAIT CONFIANCE<\/a><\/div>\n<\/div>\n<\/div>\n\n\n\n<div class=\"wp-block-column is-vertically-aligned-center is-layout-flow wp-block-column-is-layout-flow\" style=\"flex-basis:50%\">\n<figure class=\"wp-block-image alignleft size-large has-custom-border\"><img decoding=\"async\" width=\"633\" height=\"1024\" src=\"http:\/\/alice-poitevin.fr\/wp-content\/uploads\/2025\/07\/jennifer-lo-mxrpqMFgIjw-unsplash-633x1024.jpg\" alt=\"\" class=\"wp-image-519\" style=\"border-style:none;border-width:0px;border-radius:70px;aspect-ratio:2\/3;object-fit:cover\" srcset=\"https:\/\/alice-poitevin.fr\/wp-content\/uploads\/2025\/07\/jennifer-lo-mxrpqMFgIjw-unsplash-633x1024.jpg 633w, https:\/\/alice-poitevin.fr\/wp-content\/uploads\/2025\/07\/jennifer-lo-mxrpqMFgIjw-unsplash-185x300.jpg 185w, https:\/\/alice-poitevin.fr\/wp-content\/uploads\/2025\/07\/jennifer-lo-mxrpqMFgIjw-unsplash-768x1243.jpg 768w, https:\/\/alice-poitevin.fr\/wp-content\/uploads\/2025\/07\/jennifer-lo-mxrpqMFgIjw-unsplash-949x1536.jpg 949w, https:\/\/alice-poitevin.fr\/wp-content\/uploads\/2025\/07\/jennifer-lo-mxrpqMFgIjw-unsplash-1266x2048.jpg 1266w, https:\/\/alice-poitevin.fr\/wp-content\/uploads\/2025\/07\/jennifer-lo-mxrpqMFgIjw-unsplash-scaled.jpg 1582w\" sizes=\"(max-width: 633px) 100vw, 633px\" \/><\/figure>\n<\/div>\n<\/div>\n<\/section>\n\n\n\n<hr class=\"wp-block-separator alignwide has-alpha-channel-opacity\"\/>\n\n\n\n<div class=\"wp-block-cover alignfull is-light\" style=\"padding-top:6rem;padding-bottom:6rem\"><span aria-hidden=\"true\" class=\"wp-block-cover__background has-background-dim-10 has-background-dim\" style=\"background-color:#e27013\"><\/span><div class=\"wp-block-cover__inner-container has-global-padding is-layout-constrained wp-container-core-cover-is-layout-5cbdda46 wp-block-cover-is-layout-constrained\">\n<h2 class=\"wp-block-heading has-text-align-center has-text-color has-link-color has-suranna-font-family wp-elements-080c36f98fd854d3cb1b44b4d70c8d5a\" style=\"color:#000000;font-size:clamp(24.034px, 1.502rem + ((1vw - 3.2px) * 1.814), 40px);font-style:normal;font-weight:500;letter-spacing:1px\">Mon intervention<\/h2>\n\n\n\n<p class=\"has-text-align-center\">Le droit p\u00e9nal ne laisse pas de place \u00e0 l\u2019improvisation. Que vous soyez <strong>pr\u00e9venu, accus\u00e9, mis en examen ou victime<\/strong>, l\u2019assistance d\u2019un avocat permet de :<\/p>\n\n\n\n<p class=\"has-text-align-center\">Comprendre la proc\u00e9dure et vos droits<br><br>V\u00e9rifier et contester la r\u00e9gularit\u00e9 de la proc\u00e9dure<br><br>\u00c9viter les pi\u00e8ges d&rsquo;un interrogatoire ou d&rsquo;une audition mal pr\u00e9par\u00e9s<br><br>Construire une strat\u00e9gie de d\u00e9fense coh\u00e9rente<br><br>Obtenir une relaxe, une requalification des faits, un am\u00e9nagement de peine<\/p>\n\n\n\n<hr class=\"wp-block-separator has-alpha-channel-opacity\"\/>\n\n\n\n<p class=\"has-text-align-center\">Que vous soyez convoqu\u00e9 au tribunal, en garde \u00e0 vue, ou simplement inquiet, contactez-moi rapidement pour une consultation confidentielle et une prise en charge rapide de votre dossier.<br><\/p>\n\n\n\n<div class=\"wp-block-buttons is-horizontal is-content-justification-center is-layout-flex wp-container-core-buttons-is-layout-bb07f847 wp-block-buttons-is-layout-flex\" style=\"margin-top:30px\">\n<div class=\"wp-block-button has-custom-width wp-block-button__width-25 has-custom-font-size is-style-fill has-pontano-sans-font-family\" style=\"font-size:clamp(0.875rem, 0.875rem + ((1vw - 0.2rem) * 0.245), 1.01rem);font-style:normal;font-weight:600;letter-spacing:1px;line-height:1.5;text-transform:uppercase\"><a class=\"wp-block-button__link has-text-color has-background wp-element-button\" href=\"http:\/\/alice-poitevin.fr\/?page_id=653&amp;preview=true\" style=\"border-style:none;border-width:0px;border-radius:0rem;color:#fffffd;background-color:#000000;padding-top:0.71rem;padding-right:0.31rem;padding-bottom:0.71rem;padding-left:0.31rem\">CONTACTEZ MA\u00ceTRE POITEVIN<\/a><\/div>\n<\/div>\n<\/div><\/div>\n\n\n\n<hr class=\"wp-block-separator alignwide has-alpha-channel-opacity\"\/>\n\n\n\n<section class=\"wp-block-cover alignfull\" style=\"margin-top:0px;padding-top:1.01rem;padding-bottom:1.01rem;min-height:430px;aspect-ratio:unset;\"><span aria-hidden=\"true\" class=\"wp-block-cover__background has-background-dim-0 has-background-dim\" style=\"background-color:#edf1f2\"><\/span><img decoding=\"async\" width=\"2560\" height=\"1707\" class=\"wp-block-cover__image-background wp-image-541\" alt=\"\" src=\"http:\/\/alice-poitevin.fr\/wp-content\/uploads\/2025\/07\/tamal-mukhopadhyay-dis1UAzHm18-unsplash-scaled.jpg\" style=\"object-position:48% 10%\" data-object-fit=\"cover\" data-object-position=\"48% 10%\" srcset=\"https:\/\/alice-poitevin.fr\/wp-content\/uploads\/2025\/07\/tamal-mukhopadhyay-dis1UAzHm18-unsplash-scaled.jpg 2560w, https:\/\/alice-poitevin.fr\/wp-content\/uploads\/2025\/07\/tamal-mukhopadhyay-dis1UAzHm18-unsplash-300x200.jpg 300w, https:\/\/alice-poitevin.fr\/wp-content\/uploads\/2025\/07\/tamal-mukhopadhyay-dis1UAzHm18-unsplash-1024x683.jpg 1024w, https:\/\/alice-poitevin.fr\/wp-content\/uploads\/2025\/07\/tamal-mukhopadhyay-dis1UAzHm18-unsplash-768x512.jpg 768w, https:\/\/alice-poitevin.fr\/wp-content\/uploads\/2025\/07\/tamal-mukhopadhyay-dis1UAzHm18-unsplash-1536x1024.jpg 1536w, https:\/\/alice-poitevin.fr\/wp-content\/uploads\/2025\/07\/tamal-mukhopadhyay-dis1UAzHm18-unsplash-2048x1365.jpg 2048w\" sizes=\"(max-width: 2560px) 100vw, 2560px\" \/><div class=\"wp-block-cover__inner-container has-global-padding is-layout-constrained wp-container-core-cover-is-layout-b1bebcb3 wp-block-cover-is-layout-constrained\">\n<div class=\"wp-block-group has-text-color is-layout-flow wp-block-group-is-layout-flow\" style=\"color:#fffffd;margin-top:0px;padding-top:0rem;padding-right:1rem;padding-bottom:0rem;padding-left:1rem;font-size:clamp(0.875rem, 0.875rem + ((1vw - 0.2rem) * 0.464), 1.13rem);font-style:normal;font-weight:400;line-height:1.4\">\n<div class=\"wp-block-group has-global-padding is-layout-constrained wp-container-core-group-is-layout-bdbfdc43 wp-block-group-is-layout-constrained\">\n<p class=\"has-text-align-center has-text-color\" style=\"color:#fffffd;margin-bottom:0rem;font-size:clamp(1.507rem, 1.507rem + ((1vw - 0.2rem) * 1.824), 2.51rem);font-style:normal;font-weight:400;line-height:1.2\">Vos droits m\u00e9ritent la meilleure d\u00e9fense.<\/p>\n<\/div>\n\n\n\n<div class=\"wp-block-group is-vertical is-content-justification-stretch is-layout-flex wp-container-core-group-is-layout-bfdebe91 wp-block-group-is-layout-flex\" style=\"margin-top:1.81rem;padding-right:0px;padding-left:0px\">\n<div class=\"wp-block-group has-global-padding is-content-justification-center is-layout-constrained wp-container-core-group-is-layout-2f0bcb29 wp-block-group-is-layout-constrained\" style=\"margin-top:0px\">\n<div class=\"wp-block-buttons is-horizontal is-content-justification-right is-layout-flex wp-container-core-buttons-is-layout-099266fd wp-block-buttons-is-layout-flex\" style=\"margin-top:0.51rem\">\n<div class=\"wp-block-button has-custom-width wp-block-button__width-100 has-custom-font-size is-style-fill\" style=\"font-size:clamp(0.875rem, 0.875rem + ((1vw - 0.2rem) * 0.245), 1.01rem);font-style:normal;font-weight:600;line-height:1.5;text-transform:uppercase\"><a class=\"wp-block-button__link has-text-color has-background wp-element-button\" href=\"http:\/\/alice-poitevin.fr\/?page_id=653&amp;preview=true\" style=\"border-style:none;border-width:0px;border-radius:0rem;color:#fffffd;background-color:#000000;padding-top:0.71rem;padding-right:0.31rem;padding-bottom:0.71rem;padding-left:0.31rem\">CONTACTEZ-MOI<\/a><\/div>\n<\/div>\n<\/div>\n<\/div>\n<\/div>\n<\/div><\/section>\n","protected":false},"excerpt":{"rendered":"<p>Droit p\u00e9nal Je vous d\u00e9fends quelque soit l&rsquo;infraction au code p\u00e9nal que l&rsquo;on vous reproche : Je vous d\u00e9fends \u00e9galement quelque soit le stade de la proc\u00e9dure :<\/p>\n","protected":false},"author":1,"featured_media":0,"parent":0,"menu_order":0,"comment_status":"closed","ping_status":"closed","template":"","meta":{"footnotes":""},"class_list":["post-717","page","type-page","status-publish","hentry"],"yoast_head":"<!-- This site is optimized with the Yoast SEO plugin v26.5 - https:\/\/yoast.com\/wordpress\/plugins\/seo\/ -->\n<title>Droit p\u00e9nal - Alice POITEVIN<\/title>\n<meta name=\"robots\" content=\"index, follow, max-snippet:-1, max-image-preview:large, max-video-preview:-1\" \/>\n<link rel=\"canonical\" href=\"https:\/\/alice-poitevin.fr\/index.php\/droit-penal\/\" \/>\n<meta property=\"og:locale\" content=\"fr_FR\" \/>\n<meta property=\"og:type\" content=\"article\" \/>\n<meta property=\"og:title\" content=\"Droit p\u00e9nal - Alice POITEVIN\" \/>\n<meta property=\"og:description\" content=\"Droit p\u00e9nal Je vous d\u00e9fends quelque soit l&rsquo;infraction au code p\u00e9nal que l&rsquo;on vous reproche : Je vous d\u00e9fends \u00e9galement quelque soit le stade de la proc\u00e9dure :\" \/>\n<meta property=\"og:url\" content=\"https:\/\/alice-poitevin.fr\/index.php\/droit-penal\/\" \/>\n<meta property=\"og:site_name\" content=\"Alice POITEVIN\" \/>\n<meta property=\"article:modified_time\" content=\"2025-07-31T15:11:50+00:00\" \/>\n<meta property=\"og:image\" content=\"http:\/\/alice-poitevin.fr\/wp-content\/uploads\/2024\/08\/carles-rabada-gwwWhABtohs-unsplash-768x1024.jpg\" \/>\n<meta name=\"twitter:card\" content=\"summary_large_image\" \/>\n<meta name=\"twitter:label1\" content=\"Dur\u00e9e de lecture estim\u00e9e\" \/>\n\t<meta name=\"twitter:data1\" content=\"1 minute\" \/>\n<script type=\"application\/ld+json\" class=\"yoast-schema-graph\">{\"@context\":\"https:\/\/schema.org\",\"@graph\":[{\"@type\":\"WebPage\",\"@id\":\"https:\/\/alice-poitevin.fr\/index.php\/droit-penal\/\",\"url\":\"https:\/\/alice-poitevin.fr\/index.php\/droit-penal\/\",\"name\":\"Droit p\u00e9nal - Alice POITEVIN\",\"isPartOf\":{\"@id\":\"https:\/\/alice-poitevin.fr\/#website\"},\"primaryImageOfPage\":{\"@id\":\"https:\/\/alice-poitevin.fr\/index.php\/droit-penal\/#primaryimage\"},\"image\":{\"@id\":\"https:\/\/alice-poitevin.fr\/index.php\/droit-penal\/#primaryimage\"},\"thumbnailUrl\":\"http:\/\/alice-poitevin.fr\/wp-content\/uploads\/2024\/08\/carles-rabada-gwwWhABtohs-unsplash-768x1024.jpg\",\"datePublished\":\"2025-07-31T14:33:56+00:00\",\"dateModified\":\"2025-07-31T15:11:50+00:00\",\"breadcrumb\":{\"@id\":\"https:\/\/alice-poitevin.fr\/index.php\/droit-penal\/#breadcrumb\"},\"inLanguage\":\"fr-FR\",\"potentialAction\":[{\"@type\":\"ReadAction\",\"target\":[\"https:\/\/alice-poitevin.fr\/index.php\/droit-penal\/\"]}]},{\"@type\":\"ImageObject\",\"inLanguage\":\"fr-FR\",\"@id\":\"https:\/\/alice-poitevin.fr\/index.php\/droit-penal\/#primaryimage\",\"url\":\"https:\/\/alice-poitevin.fr\/wp-content\/uploads\/2024\/08\/carles-rabada-gwwWhABtohs-unsplash-scaled.jpg\",\"contentUrl\":\"https:\/\/alice-poitevin.fr\/wp-content\/uploads\/2024\/08\/carles-rabada-gwwWhABtohs-unsplash-scaled.jpg\",\"width\":1920,\"height\":2560},{\"@type\":\"BreadcrumbList\",\"@id\":\"https:\/\/alice-poitevin.fr\/index.php\/droit-penal\/#breadcrumb\",\"itemListElement\":[{\"@type\":\"ListItem\",\"position\":1,\"name\":\"Accueil\",\"item\":\"https:\/\/alice-poitevin.fr\/\"},{\"@type\":\"ListItem\",\"position\":2,\"name\":\"Droit p\u00e9nal\"}]},{\"@type\":\"WebSite\",\"@id\":\"https:\/\/alice-poitevin.fr\/#website\",\"url\":\"https:\/\/alice-poitevin.fr\/\",\"name\":\"Alice POITEVIN\",\"description\":\"Avocate au Barreau de VANNES\",\"publisher\":{\"@id\":\"https:\/\/alice-poitevin.fr\/#organization\"},\"potentialAction\":[{\"@type\":\"SearchAction\",\"target\":{\"@type\":\"EntryPoint\",\"urlTemplate\":\"https:\/\/alice-poitevin.fr\/?s={search_term_string}\"},\"query-input\":{\"@type\":\"PropertyValueSpecification\",\"valueRequired\":true,\"valueName\":\"search_term_string\"}}],\"inLanguage\":\"fr-FR\"},{\"@type\":\"Organization\",\"@id\":\"https:\/\/alice-poitevin.fr\/#organization\",\"name\":\"Alice POITEVIN\",\"url\":\"https:\/\/alice-poitevin.fr\/\",\"logo\":{\"@type\":\"ImageObject\",\"inLanguage\":\"fr-FR\",\"@id\":\"https:\/\/alice-poitevin.fr\/#\/schema\/logo\/image\/\",\"url\":\"https:\/\/alice-poitevin.fr\/wp-content\/uploads\/2024\/08\/LOGO-4-2-1.png\",\"contentUrl\":\"https:\/\/alice-poitevin.fr\/wp-content\/uploads\/2024\/08\/LOGO-4-2-1.png\",\"width\":500,\"height\":500,\"caption\":\"Alice POITEVIN\"},\"image\":{\"@id\":\"https:\/\/alice-poitevin.fr\/#\/schema\/logo\/image\/\"}}]}<\/script>\n<!-- \/ Yoast SEO plugin. -->","yoast_head_json":{"title":"Droit p\u00e9nal - Alice POITEVIN","robots":{"index":"index","follow":"follow","max-snippet":"max-snippet:-1","max-image-preview":"max-image-preview:large","max-video-preview":"max-video-preview:-1"},"canonical":"https:\/\/alice-poitevin.fr\/index.php\/droit-penal\/","og_locale":"fr_FR","og_type":"article","og_title":"Droit p\u00e9nal - Alice POITEVIN","og_description":"Droit p\u00e9nal Je vous d\u00e9fends quelque soit l&rsquo;infraction au code p\u00e9nal que l&rsquo;on vous reproche : Je vous d\u00e9fends \u00e9galement quelque soit le stade de la proc\u00e9dure :","og_url":"https:\/\/alice-poitevin.fr\/index.php\/droit-penal\/","og_site_name":"Alice POITEVIN","article_modified_time":"2025-07-31T15:11:50+00:00","og_image":[{"url":"http:\/\/alice-poitevin.fr\/wp-content\/uploads\/2024\/08\/carles-rabada-gwwWhABtohs-unsplash-768x1024.jpg","type":"","width":"","height":""}],"twitter_card":"summary_large_image","twitter_misc":{"Dur\u00e9e de lecture estim\u00e9e":"1 minute"},"schema":{"@context":"https:\/\/schema.org","@graph":[{"@type":"WebPage","@id":"https:\/\/alice-poitevin.fr\/index.php\/droit-penal\/","url":"https:\/\/alice-poitevin.fr\/index.php\/droit-penal\/","name":"Droit p\u00e9nal - Alice POITEVIN","isPartOf":{"@id":"https:\/\/alice-poitevin.fr\/#website"},"primaryImageOfPage":{"@id":"https:\/\/alice-poitevin.fr\/index.php\/droit-penal\/#primaryimage"},"image":{"@id":"https:\/\/alice-poitevin.fr\/index.php\/droit-penal\/#primaryimage"},"thumbnailUrl":"http:\/\/alice-poitevin.fr\/wp-content\/uploads\/2024\/08\/carles-rabada-gwwWhABtohs-unsplash-768x1024.jpg","datePublished":"2025-07-31T14:33:56+00:00","dateModified":"2025-07-31T15:11:50+00:00","breadcrumb":{"@id":"https:\/\/alice-poitevin.fr\/index.php\/droit-penal\/#breadcrumb"},"inLanguage":"fr-FR","potentialAction":[{"@type":"ReadAction","target":["https:\/\/alice-poitevin.fr\/index.php\/droit-penal\/"]}]},{"@type":"ImageObject","inLanguage":"fr-FR","@id":"https:\/\/alice-poitevin.fr\/index.php\/droit-penal\/#primaryimage","url":"https:\/\/alice-poitevin.fr\/wp-content\/uploads\/2024\/08\/carles-rabada-gwwWhABtohs-unsplash-scaled.jpg","contentUrl":"https:\/\/alice-poitevin.fr\/wp-content\/uploads\/2024\/08\/carles-rabada-gwwWhABtohs-unsplash-scaled.jpg","width":1920,"height":2560},{"@type":"BreadcrumbList","@id":"https:\/\/alice-poitevin.fr\/index.php\/droit-penal\/#breadcrumb","itemListElement":[{"@type":"ListItem","position":1,"name":"Accueil","item":"https:\/\/alice-poitevin.fr\/"},{"@type":"ListItem","position":2,"name":"Droit p\u00e9nal"}]},{"@type":"WebSite","@id":"https:\/\/alice-poitevin.fr\/#website","url":"https:\/\/alice-poitevin.fr\/","name":"Alice POITEVIN","description":"Avocate au Barreau de VANNES","publisher":{"@id":"https:\/\/alice-poitevin.fr\/#organization"},"potentialAction":[{"@type":"SearchAction","target":{"@type":"EntryPoint","urlTemplate":"https:\/\/alice-poitevin.fr\/?s={search_term_string}"},"query-input":{"@type":"PropertyValueSpecification","valueRequired":true,"valueName":"search_term_string"}}],"inLanguage":"fr-FR"},{"@type":"Organization","@id":"https:\/\/alice-poitevin.fr\/#organization","name":"Alice POITEVIN","url":"https:\/\/alice-poitevin.fr\/","logo":{"@type":"ImageObject","inLanguage":"fr-FR","@id":"https:\/\/alice-poitevin.fr\/#\/schema\/logo\/image\/","url":"https:\/\/alice-poitevin.fr\/wp-content\/uploads\/2024\/08\/LOGO-4-2-1.png","contentUrl":"https:\/\/alice-poitevin.fr\/wp-content\/uploads\/2024\/08\/LOGO-4-2-1.png","width":500,"height":500,"caption":"Alice POITEVIN"},"image":{"@id":"https:\/\/alice-poitevin.fr\/#\/schema\/logo\/image\/"}}]}},"_links":{"self":[{"href":"https:\/\/alice-poitevin.fr\/index.php\/wp-json\/wp\/v2\/pages\/717","targetHints":{"allow":["GET"]}}],"collection":[{"href":"https:\/\/alice-poitevin.fr\/index.php\/wp-json\/wp\/v2\/pages"}],"about":[{"href":"https:\/\/alice-poitevin.fr\/index.php\/wp-json\/wp\/v2\/types\/page"}],"author":[{"embeddable":true,"href":"https:\/\/alice-poitevin.fr\/index.php\/wp-json\/wp\/v2\/users\/1"}],"replies":[{"embeddable":true,"href":"https:\/\/alice-poitevin.fr\/index.php\/wp-json\/wp\/v2\/comments?post=717"}],"version-history":[{"count":4,"href":"https:\/\/alice-poitevin.fr\/index.php\/wp-json\/wp\/v2\/pages\/717\/revisions"}],"predecessor-version":[{"id":785,"href":"https:\/\/alice-poitevin.fr\/index.php\/wp-json\/wp\/v2\/pages\/717\/revisions\/785"}],"wp:attachment":[{"href":"https:\/\/alice-poitevin.fr\/index.php\/wp-json\/wp\/v2\/media?parent=717"}],"curies":[{"name":"wp","href":"https:\/\/api.w.org\/{rel}","templated":true}]}}