{"id":708,"date":"2025-07-31T16:34:02","date_gmt":"2025-07-31T14:34:02","guid":{"rendered":"https:\/\/alice-poitevin.fr\/?page_id=708"},"modified":"2025-07-31T16:34:02","modified_gmt":"2025-07-31T14:34:02","slug":"droit-routier","status":"publish","type":"page","link":"https:\/\/alice-poitevin.fr\/index.php\/droit-routier\/","title":{"rendered":"Droit routier"},"content":{"rendered":"\n<section class=\"wp-block-group alignfull has-global-padding is-layout-constrained wp-container-core-group-is-layout-608bbd49 wp-block-group-is-layout-constrained\" style=\"margin-top:0px;padding-top:6rem;padding-right:1rem;padding-bottom:5rem;padding-left:1rem;font-size:clamp(0.875rem, 0.875rem + ((1vw - 0.2rem) * 0.464), 1.13rem);font-style:normal;font-weight:400;line-height:1.4\">\n<div class=\"wp-block-columns is-layout-flex wp-container-core-columns-is-layout-03ad6a19 wp-block-columns-is-layout-flex\" style=\"margin-bottom:0px\">\n<div class=\"wp-block-column is-vertically-aligned-center is-layout-flow wp-block-column-is-layout-flow\" style=\"flex-basis:50%\">\n<figure class=\"wp-block-image alignleft size-large has-custom-border\"><img fetchpriority=\"high\" decoding=\"async\" width=\"685\" height=\"1024\" src=\"http:\/\/alice-poitevin.fr\/wp-content\/uploads\/2025\/07\/joey-huang-Z5_AllRh8X0-unsplash-685x1024.jpg\" alt=\"\" class=\"wp-image-625\" style=\"border-style:none;border-width:0px;border-radius:70px;aspect-ratio:2\/3;object-fit:cover\" srcset=\"https:\/\/alice-poitevin.fr\/wp-content\/uploads\/2025\/07\/joey-huang-Z5_AllRh8X0-unsplash-685x1024.jpg 685w, https:\/\/alice-poitevin.fr\/wp-content\/uploads\/2025\/07\/joey-huang-Z5_AllRh8X0-unsplash-201x300.jpg 201w, https:\/\/alice-poitevin.fr\/wp-content\/uploads\/2025\/07\/joey-huang-Z5_AllRh8X0-unsplash-768x1148.jpg 768w, https:\/\/alice-poitevin.fr\/wp-content\/uploads\/2025\/07\/joey-huang-Z5_AllRh8X0-unsplash-1028x1536.jpg 1028w, https:\/\/alice-poitevin.fr\/wp-content\/uploads\/2025\/07\/joey-huang-Z5_AllRh8X0-unsplash-1370x2048.jpg 1370w, https:\/\/alice-poitevin.fr\/wp-content\/uploads\/2025\/07\/joey-huang-Z5_AllRh8X0-unsplash-scaled.jpg 1713w\" sizes=\"(max-width: 685px) 100vw, 685px\" \/><\/figure>\n<\/div>\n\n\n\n<div class=\"wp-block-column is-vertically-aligned-center has-global-padding is-layout-constrained wp-container-core-column-is-layout-c4a7d96a wp-block-column-is-layout-constrained\" style=\"flex-basis:50%\">\n<h3 class=\"wp-block-heading has-text-align-left has-text-color has-suranna-font-family\" style=\"color:#000000;margin-top:0.5rem;margin-bottom:0rem;font-size:clamp(24.034px, 1.502rem + ((1vw - 3.2px) * 1.814), 40px);font-style:normal;font-weight:500;letter-spacing:0px;line-height:1.3\">Droit routier<\/h3>\n\n\n\n<p class=\"has-text-align-left has-text-color has-pontano-sans-font-family\" style=\"color:#000000;margin-top:20px;margin-bottom:20px;font-size:clamp(14px, 0.875rem + ((1vw - 3.2px) * 0.455), 18px);font-style:normal;font-weight:400;line-height:1.5\">Je vous d\u00e9fends quelque soit l&rsquo;infraction au code de la route que l&rsquo;on vous reproche : <\/p>\n\n\n\n<ul class=\"wp-block-list\">\n<li>Exc\u00e8s de vitesse<\/li>\n\n\n\n<li>Conduite sous alcool, refus du test alcool\u00e9mie (refus de souffler)<\/li>\n\n\n\n<li>Conduite sous stup\u00e9fiants, refus du d\u00e9pistage salivaire<\/li>\n\n\n\n<li>Refus d&rsquo;obtemp\u00e9rer ou d\u00e9lit de fuite<\/li>\n\n\n\n<li>Accident de la circulation<\/li>\n\n\n\n<li>Conduite sans permis ou sans assurance<\/li>\n\n\n\n<li>Annulation, retrait ou suspension de permis<\/li>\n\n\n\n<li>Perte de points, r\u00e9cup\u00e9ration de points<\/li>\n\n\n\n<li>Contravention, amende<\/li>\n\n\n\n<li>. . .<\/li>\n<\/ul>\n\n\n\n<div style=\"height:45px\" aria-hidden=\"true\" class=\"wp-block-spacer\"><\/div>\n\n\n\n<div class=\"wp-block-buttons is-horizontal is-content-justification-left is-layout-flex wp-container-core-buttons-is-layout-2c34cf1c wp-block-buttons-is-layout-flex\" style=\"margin-top:0.51rem\">\n<div class=\"wp-block-button has-custom-width wp-block-button__width-50 has-custom-font-size is-style-fill has-pontano-sans-font-family\" style=\"font-size:clamp(0.875rem, 0.875rem + ((1vw - 0.2rem) * 0.245), 1.01rem);font-style:normal;font-weight:600;letter-spacing:1px;line-height:1.5;text-transform:uppercase\"><a class=\"wp-block-button__link has-text-color has-background wp-element-button\" href=\"http:\/\/alice-poitevin.fr\/?page_id=653&amp;preview=true\" style=\"border-style:none;border-width:0px;border-radius:0rem;color:#fffffd;background-color:#000000;padding-top:0.71rem;padding-right:0.31rem;padding-bottom:0.71rem;padding-left:0.31rem\">Contacter le cabinet<\/a><\/div>\n<\/div>\n<\/div>\n<\/div>\n<\/section>\n\n\n\n<hr class=\"wp-block-separator alignwide has-alpha-channel-opacity\"\/>\n\n\n\n<div class=\"wp-block-cover alignfull is-light\" style=\"padding-top:6rem;padding-bottom:6rem\"><span aria-hidden=\"true\" class=\"wp-block-cover__background has-background-dim-10 has-background-dim\" style=\"background-color:#e27013\"><\/span><div class=\"wp-block-cover__inner-container has-global-padding is-layout-constrained wp-container-core-cover-is-layout-5cbdda46 wp-block-cover-is-layout-constrained\">\n<h2 class=\"wp-block-heading has-text-align-center has-text-color has-link-color has-suranna-font-family wp-elements-080c36f98fd854d3cb1b44b4d70c8d5a\" style=\"color:#000000;font-size:clamp(24.034px, 1.502rem + ((1vw - 3.2px) * 1.814), 40px);font-style:normal;font-weight:500;letter-spacing:1px\">Mon intervention<\/h2>\n\n\n\n<p class=\"has-text-align-center\">Les infractions au code de la route peuvent entra\u00eener de lourdes sanctions, notamment en cas de r\u00e9cidive ou de circonstances aggravantes : retrait de points, annulation ou retrait de permis, suspension de permis administrative ou judiciaire, peine de d&#8217;emprisonnement.<\/p>\n\n\n\n<p class=\"has-text-align-center\">Il est souvent n\u00e9cessaire d&rsquo;agir rapidement en raison des d\u00e9lais de recours qui peuvent \u00eatre tr\u00e8s courts.<\/p>\n\n\n\n<p class=\"has-text-align-center\">Je vous aide \u00e0 identifier les solutions adapt\u00e9es \u00e0 votre situation : stage de r\u00e9cup\u00e9ration de points, recours contre la d\u00e9cision pr\u00e9fectorale, contestation d&rsquo;une infraction injustifi\u00e9e, v\u00e9rification de la r\u00e9gularit\u00e9 de la proc\u00e9dure, am\u00e9nagement de peine, dispense d&rsquo;inscription au casier judiciaire, &#8230;<\/p>\n\n\n\n<p class=\"has-text-align-center\">Chaque situation est unique, il est indispensable d&rsquo;analyser rigoureusement le dossier, les circonstances, les \u00e9l\u00e9ments de preuve et votre situation personnelle pour pr\u00e9parer une strat\u00e9gie de d\u00e9fense adapt\u00e9e et efficace.<\/p>\n\n\n\n<hr class=\"wp-block-separator has-alpha-channel-opacity\"\/>\n\n\n\n<p class=\"has-text-align-center\">Que vous soyez convoqu\u00e9 au tribunal, en garde \u00e0 vue, ou simplement inquiet pour votre permis, n&rsquo;attendez pas : prenez rendez-vous avec un avocat en droit routier r\u00e9actif et exp\u00e9riment\u00e9.<\/p>\n\n\n\n<div class=\"wp-block-buttons is-horizontal is-content-justification-center is-layout-flex wp-container-core-buttons-is-layout-bb07f847 wp-block-buttons-is-layout-flex\" style=\"margin-top:30px\">\n<div class=\"wp-block-button has-custom-width wp-block-button__width-25 has-custom-font-size is-style-fill has-pontano-sans-font-family\" style=\"font-size:clamp(0.875rem, 0.875rem + ((1vw - 0.2rem) * 0.245), 1.01rem);font-style:normal;font-weight:600;letter-spacing:1px;line-height:1.5;text-transform:uppercase\"><a class=\"wp-block-button__link has-text-color has-background wp-element-button\" href=\"http:\/\/alice-poitevin.fr\/?page_id=653&amp;preview=true\" style=\"border-style:none;border-width:0px;border-radius:0rem;color:#fffffd;background-color:#000000;padding-top:0.71rem;padding-right:0.31rem;padding-bottom:0.71rem;padding-left:0.31rem\">CONTACTEZ MA\u00ceTRE POITEVIN<\/a><\/div>\n<\/div>\n<\/div><\/div>\n\n\n\n<hr class=\"wp-block-separator alignwide has-alpha-channel-opacity\"\/>\n\n\n\n<section class=\"wp-block-cover alignfull\" style=\"margin-top:0px;padding-top:1.01rem;padding-bottom:1.01rem;min-height:430px;aspect-ratio:unset;\"><span aria-hidden=\"true\" class=\"wp-block-cover__background has-background-dim-0 has-background-dim\" style=\"background-color:#edf1f2\"><\/span><img decoding=\"async\" width=\"2560\" height=\"1707\" class=\"wp-block-cover__image-background wp-image-541\" alt=\"\" src=\"http:\/\/alice-poitevin.fr\/wp-content\/uploads\/2025\/07\/tamal-mukhopadhyay-dis1UAzHm18-unsplash-scaled.jpg\" style=\"object-position:48% 10%\" data-object-fit=\"cover\" data-object-position=\"48% 10%\" srcset=\"https:\/\/alice-poitevin.fr\/wp-content\/uploads\/2025\/07\/tamal-mukhopadhyay-dis1UAzHm18-unsplash-scaled.jpg 2560w, https:\/\/alice-poitevin.fr\/wp-content\/uploads\/2025\/07\/tamal-mukhopadhyay-dis1UAzHm18-unsplash-300x200.jpg 300w, https:\/\/alice-poitevin.fr\/wp-content\/uploads\/2025\/07\/tamal-mukhopadhyay-dis1UAzHm18-unsplash-1024x683.jpg 1024w, https:\/\/alice-poitevin.fr\/wp-content\/uploads\/2025\/07\/tamal-mukhopadhyay-dis1UAzHm18-unsplash-768x512.jpg 768w, https:\/\/alice-poitevin.fr\/wp-content\/uploads\/2025\/07\/tamal-mukhopadhyay-dis1UAzHm18-unsplash-1536x1024.jpg 1536w, https:\/\/alice-poitevin.fr\/wp-content\/uploads\/2025\/07\/tamal-mukhopadhyay-dis1UAzHm18-unsplash-2048x1365.jpg 2048w\" sizes=\"(max-width: 2560px) 100vw, 2560px\" \/><div class=\"wp-block-cover__inner-container has-global-padding is-layout-constrained wp-container-core-cover-is-layout-b1bebcb3 wp-block-cover-is-layout-constrained\">\n<div class=\"wp-block-group has-text-color is-layout-flow wp-block-group-is-layout-flow\" style=\"color:#fffffd;margin-top:0px;padding-top:0rem;padding-right:1rem;padding-bottom:0rem;padding-left:1rem;font-size:clamp(0.875rem, 0.875rem + ((1vw - 0.2rem) * 0.464), 1.13rem);font-style:normal;font-weight:400;line-height:1.4\">\n<div class=\"wp-block-group has-global-padding is-layout-constrained wp-container-core-group-is-layout-bdbfdc43 wp-block-group-is-layout-constrained\">\n<p class=\"has-text-align-center has-text-color\" style=\"color:#fffffd;margin-bottom:0rem;font-size:clamp(1.507rem, 1.507rem + ((1vw - 0.2rem) * 1.824), 2.51rem);font-style:normal;font-weight:400;line-height:1.2\">Vos droits m\u00e9ritent la meilleure d\u00e9fense.<\/p>\n<\/div>\n\n\n\n<div class=\"wp-block-group is-vertical is-content-justification-stretch is-layout-flex wp-container-core-group-is-layout-bfdebe91 wp-block-group-is-layout-flex\" style=\"margin-top:1.81rem;padding-right:0px;padding-left:0px\">\n<div class=\"wp-block-group has-global-padding is-content-justification-center is-layout-constrained wp-container-core-group-is-layout-2f0bcb29 wp-block-group-is-layout-constrained\" style=\"margin-top:0px\">\n<div class=\"wp-block-buttons is-horizontal is-content-justification-right is-layout-flex wp-container-core-buttons-is-layout-099266fd wp-block-buttons-is-layout-flex\" style=\"margin-top:0.51rem\">\n<div class=\"wp-block-button has-custom-width wp-block-button__width-100 has-custom-font-size is-style-fill\" style=\"font-size:clamp(0.875rem, 0.875rem + ((1vw - 0.2rem) * 0.245), 1.01rem);font-style:normal;font-weight:600;line-height:1.5;text-transform:uppercase\"><a class=\"wp-block-button__link has-text-color has-background wp-element-button\" href=\"http:\/\/alice-poitevin.fr\/?page_id=653&amp;preview=true\" style=\"border-style:none;border-width:0px;border-radius:0rem;color:#fffffd;background-color:#000000;padding-top:0.71rem;padding-right:0.31rem;padding-bottom:0.71rem;padding-left:0.31rem\">CONTACTEZ-MOI<\/a><\/div>\n<\/div>\n<\/div>\n<\/div>\n<\/div>\n<\/div><\/section>\n","protected":false},"excerpt":{"rendered":"<p>Droit routier Je vous d\u00e9fends quelque soit l&rsquo;infraction au code de la route que l&rsquo;on vous reproche :<\/p>\n","protected":false},"author":1,"featured_media":0,"parent":0,"menu_order":0,"comment_status":"closed","ping_status":"closed","template":"","meta":{"footnotes":""},"class_list":["post-708","page","type-page","status-publish","hentry"],"yoast_head":"<!-- This site is optimized with the Yoast SEO plugin v26.5 - https:\/\/yoast.com\/wordpress\/plugins\/seo\/ -->\n<title>Droit routier - Alice POITEVIN<\/title>\n<meta name=\"robots\" content=\"index, follow, max-snippet:-1, max-image-preview:large, max-video-preview:-1\" \/>\n<link rel=\"canonical\" href=\"https:\/\/alice-poitevin.fr\/index.php\/droit-routier\/\" \/>\n<meta property=\"og:locale\" content=\"fr_FR\" \/>\n<meta property=\"og:type\" content=\"article\" \/>\n<meta property=\"og:title\" content=\"Droit routier - Alice POITEVIN\" \/>\n<meta property=\"og:description\" content=\"Droit routier Je vous d\u00e9fends quelque soit l&rsquo;infraction au code de la route que l&rsquo;on vous reproche :\" \/>\n<meta property=\"og:url\" content=\"https:\/\/alice-poitevin.fr\/index.php\/droit-routier\/\" \/>\n<meta property=\"og:site_name\" content=\"Alice POITEVIN\" \/>\n<meta property=\"og:image\" content=\"http:\/\/alice-poitevin.fr\/wp-content\/uploads\/2025\/07\/joey-huang-Z5_AllRh8X0-unsplash-685x1024.jpg\" \/>\n<meta name=\"twitter:card\" content=\"summary_large_image\" \/>\n<meta name=\"twitter:label1\" content=\"Dur\u00e9e de lecture estim\u00e9e\" \/>\n\t<meta name=\"twitter:data1\" content=\"1 minute\" \/>\n<script type=\"application\/ld+json\" class=\"yoast-schema-graph\">{\"@context\":\"https:\/\/schema.org\",\"@graph\":[{\"@type\":\"WebPage\",\"@id\":\"https:\/\/alice-poitevin.fr\/index.php\/droit-routier\/\",\"url\":\"https:\/\/alice-poitevin.fr\/index.php\/droit-routier\/\",\"name\":\"Droit routier - Alice POITEVIN\",\"isPartOf\":{\"@id\":\"https:\/\/alice-poitevin.fr\/#website\"},\"primaryImageOfPage\":{\"@id\":\"https:\/\/alice-poitevin.fr\/index.php\/droit-routier\/#primaryimage\"},\"image\":{\"@id\":\"https:\/\/alice-poitevin.fr\/index.php\/droit-routier\/#primaryimage\"},\"thumbnailUrl\":\"http:\/\/alice-poitevin.fr\/wp-content\/uploads\/2025\/07\/joey-huang-Z5_AllRh8X0-unsplash-685x1024.jpg\",\"datePublished\":\"2025-07-31T14:34:02+00:00\",\"breadcrumb\":{\"@id\":\"https:\/\/alice-poitevin.fr\/index.php\/droit-routier\/#breadcrumb\"},\"inLanguage\":\"fr-FR\",\"potentialAction\":[{\"@type\":\"ReadAction\",\"target\":[\"https:\/\/alice-poitevin.fr\/index.php\/droit-routier\/\"]}]},{\"@type\":\"ImageObject\",\"inLanguage\":\"fr-FR\",\"@id\":\"https:\/\/alice-poitevin.fr\/index.php\/droit-routier\/#primaryimage\",\"url\":\"https:\/\/alice-poitevin.fr\/wp-content\/uploads\/2025\/07\/joey-huang-Z5_AllRh8X0-unsplash-scaled.jpg\",\"contentUrl\":\"https:\/\/alice-poitevin.fr\/wp-content\/uploads\/2025\/07\/joey-huang-Z5_AllRh8X0-unsplash-scaled.jpg\",\"width\":1713,\"height\":2560},{\"@type\":\"BreadcrumbList\",\"@id\":\"https:\/\/alice-poitevin.fr\/index.php\/droit-routier\/#breadcrumb\",\"itemListElement\":[{\"@type\":\"ListItem\",\"position\":1,\"name\":\"Accueil\",\"item\":\"https:\/\/alice-poitevin.fr\/\"},{\"@type\":\"ListItem\",\"position\":2,\"name\":\"Droit routier\"}]},{\"@type\":\"WebSite\",\"@id\":\"https:\/\/alice-poitevin.fr\/#website\",\"url\":\"https:\/\/alice-poitevin.fr\/\",\"name\":\"Alice POITEVIN\",\"description\":\"Avocate au Barreau de VANNES\",\"publisher\":{\"@id\":\"https:\/\/alice-poitevin.fr\/#organization\"},\"potentialAction\":[{\"@type\":\"SearchAction\",\"target\":{\"@type\":\"EntryPoint\",\"urlTemplate\":\"https:\/\/alice-poitevin.fr\/?s={search_term_string}\"},\"query-input\":{\"@type\":\"PropertyValueSpecification\",\"valueRequired\":true,\"valueName\":\"search_term_string\"}}],\"inLanguage\":\"fr-FR\"},{\"@type\":\"Organization\",\"@id\":\"https:\/\/alice-poitevin.fr\/#organization\",\"name\":\"Alice POITEVIN\",\"url\":\"https:\/\/alice-poitevin.fr\/\",\"logo\":{\"@type\":\"ImageObject\",\"inLanguage\":\"fr-FR\",\"@id\":\"https:\/\/alice-poitevin.fr\/#\/schema\/logo\/image\/\",\"url\":\"https:\/\/alice-poitevin.fr\/wp-content\/uploads\/2024\/08\/LOGO-4-2-1.png\",\"contentUrl\":\"https:\/\/alice-poitevin.fr\/wp-content\/uploads\/2024\/08\/LOGO-4-2-1.png\",\"width\":500,\"height\":500,\"caption\":\"Alice POITEVIN\"},\"image\":{\"@id\":\"https:\/\/alice-poitevin.fr\/#\/schema\/logo\/image\/\"}}]}<\/script>\n<!-- \/ Yoast SEO plugin. -->","yoast_head_json":{"title":"Droit routier - Alice POITEVIN","robots":{"index":"index","follow":"follow","max-snippet":"max-snippet:-1","max-image-preview":"max-image-preview:large","max-video-preview":"max-video-preview:-1"},"canonical":"https:\/\/alice-poitevin.fr\/index.php\/droit-routier\/","og_locale":"fr_FR","og_type":"article","og_title":"Droit routier - Alice POITEVIN","og_description":"Droit routier Je vous d\u00e9fends quelque soit l&rsquo;infraction au code de la route que l&rsquo;on vous reproche :","og_url":"https:\/\/alice-poitevin.fr\/index.php\/droit-routier\/","og_site_name":"Alice POITEVIN","og_image":[{"url":"http:\/\/alice-poitevin.fr\/wp-content\/uploads\/2025\/07\/joey-huang-Z5_AllRh8X0-unsplash-685x1024.jpg","type":"","width":"","height":""}],"twitter_card":"summary_large_image","twitter_misc":{"Dur\u00e9e de lecture estim\u00e9e":"1 minute"},"schema":{"@context":"https:\/\/schema.org","@graph":[{"@type":"WebPage","@id":"https:\/\/alice-poitevin.fr\/index.php\/droit-routier\/","url":"https:\/\/alice-poitevin.fr\/index.php\/droit-routier\/","name":"Droit routier - Alice POITEVIN","isPartOf":{"@id":"https:\/\/alice-poitevin.fr\/#website"},"primaryImageOfPage":{"@id":"https:\/\/alice-poitevin.fr\/index.php\/droit-routier\/#primaryimage"},"image":{"@id":"https:\/\/alice-poitevin.fr\/index.php\/droit-routier\/#primaryimage"},"thumbnailUrl":"http:\/\/alice-poitevin.fr\/wp-content\/uploads\/2025\/07\/joey-huang-Z5_AllRh8X0-unsplash-685x1024.jpg","datePublished":"2025-07-31T14:34:02+00:00","breadcrumb":{"@id":"https:\/\/alice-poitevin.fr\/index.php\/droit-routier\/#breadcrumb"},"inLanguage":"fr-FR","potentialAction":[{"@type":"ReadAction","target":["https:\/\/alice-poitevin.fr\/index.php\/droit-routier\/"]}]},{"@type":"ImageObject","inLanguage":"fr-FR","@id":"https:\/\/alice-poitevin.fr\/index.php\/droit-routier\/#primaryimage","url":"https:\/\/alice-poitevin.fr\/wp-content\/uploads\/2025\/07\/joey-huang-Z5_AllRh8X0-unsplash-scaled.jpg","contentUrl":"https:\/\/alice-poitevin.fr\/wp-content\/uploads\/2025\/07\/joey-huang-Z5_AllRh8X0-unsplash-scaled.jpg","width":1713,"height":2560},{"@type":"BreadcrumbList","@id":"https:\/\/alice-poitevin.fr\/index.php\/droit-routier\/#breadcrumb","itemListElement":[{"@type":"ListItem","position":1,"name":"Accueil","item":"https:\/\/alice-poitevin.fr\/"},{"@type":"ListItem","position":2,"name":"Droit routier"}]},{"@type":"WebSite","@id":"https:\/\/alice-poitevin.fr\/#website","url":"https:\/\/alice-poitevin.fr\/","name":"Alice POITEVIN","description":"Avocate au Barreau de VANNES","publisher":{"@id":"https:\/\/alice-poitevin.fr\/#organization"},"potentialAction":[{"@type":"SearchAction","target":{"@type":"EntryPoint","urlTemplate":"https:\/\/alice-poitevin.fr\/?s={search_term_string}"},"query-input":{"@type":"PropertyValueSpecification","valueRequired":true,"valueName":"search_term_string"}}],"inLanguage":"fr-FR"},{"@type":"Organization","@id":"https:\/\/alice-poitevin.fr\/#organization","name":"Alice POITEVIN","url":"https:\/\/alice-poitevin.fr\/","logo":{"@type":"ImageObject","inLanguage":"fr-FR","@id":"https:\/\/alice-poitevin.fr\/#\/schema\/logo\/image\/","url":"https:\/\/alice-poitevin.fr\/wp-content\/uploads\/2024\/08\/LOGO-4-2-1.png","contentUrl":"https:\/\/alice-poitevin.fr\/wp-content\/uploads\/2024\/08\/LOGO-4-2-1.png","width":500,"height":500,"caption":"Alice POITEVIN"},"image":{"@id":"https:\/\/alice-poitevin.fr\/#\/schema\/logo\/image\/"}}]}},"_links":{"self":[{"href":"https:\/\/alice-poitevin.fr\/index.php\/wp-json\/wp\/v2\/pages\/708","targetHints":{"allow":["GET"]}}],"collection":[{"href":"https:\/\/alice-poitevin.fr\/index.php\/wp-json\/wp\/v2\/pages"}],"about":[{"href":"https:\/\/alice-poitevin.fr\/index.php\/wp-json\/wp\/v2\/types\/page"}],"author":[{"embeddable":true,"href":"https:\/\/alice-poitevin.fr\/index.php\/wp-json\/wp\/v2\/users\/1"}],"replies":[{"embeddable":true,"href":"https:\/\/alice-poitevin.fr\/index.php\/wp-json\/wp\/v2\/comments?post=708"}],"version-history":[{"count":3,"href":"https:\/\/alice-poitevin.fr\/index.php\/wp-json\/wp\/v2\/pages\/708\/revisions"}],"predecessor-version":[{"id":766,"href":"https:\/\/alice-poitevin.fr\/index.php\/wp-json\/wp\/v2\/pages\/708\/revisions\/766"}],"wp:attachment":[{"href":"https:\/\/alice-poitevin.fr\/index.php\/wp-json\/wp\/v2\/media?parent=708"}],"curies":[{"name":"wp","href":"https:\/\/api.w.org\/{rel}","templated":true}]}}