{"id":705,"date":"2025-07-31T16:34:08","date_gmt":"2025-07-31T14:34:08","guid":{"rendered":"http:\/\/alice-poitevin.fr\/?page_id=705"},"modified":"2026-03-09T11:48:57","modified_gmt":"2026-03-09T10:48:57","slug":"honoraires","status":"publish","type":"page","link":"https:\/\/alice-poitevin.fr\/index.php\/honoraires\/","title":{"rendered":"Honoraires"},"content":{"rendered":"\n<section class=\"wp-block-group alignfull has-global-padding is-layout-constrained wp-container-core-group-is-layout-608bbd49 wp-block-group-is-layout-constrained\" style=\"margin-top:0px;padding-top:6rem;padding-right:1rem;padding-bottom:5rem;padding-left:1rem;font-size:clamp(0.875rem, 0.875rem + ((1vw - 0.2rem) * 0.464), 1.13rem);font-style:normal;font-weight:400;line-height:1.4\">\n<div class=\"wp-block-columns is-layout-flex wp-container-core-columns-is-layout-03ad6a19 wp-block-columns-is-layout-flex\" style=\"margin-bottom:0px\">\n<div class=\"wp-block-column is-vertically-aligned-center is-layout-flow wp-block-column-is-layout-flow\" style=\"flex-basis:50%\">\n<figure class=\"wp-block-image alignleft size-large has-custom-border\"><img fetchpriority=\"high\" decoding=\"async\" width=\"683\" height=\"1024\" src=\"https:\/\/alice-poitevin.fr\/wp-content\/uploads\/2026\/03\/ShootingCorporateAlice79-683x1024.jpg\" alt=\"\" class=\"wp-image-862\" style=\"border-style:none;border-width:0px;border-radius:70px;aspect-ratio:2\/3;object-fit:cover\" srcset=\"https:\/\/alice-poitevin.fr\/wp-content\/uploads\/2026\/03\/ShootingCorporateAlice79-683x1024.jpg 683w, https:\/\/alice-poitevin.fr\/wp-content\/uploads\/2026\/03\/ShootingCorporateAlice79-200x300.jpg 200w, https:\/\/alice-poitevin.fr\/wp-content\/uploads\/2026\/03\/ShootingCorporateAlice79-768x1152.jpg 768w, https:\/\/alice-poitevin.fr\/wp-content\/uploads\/2026\/03\/ShootingCorporateAlice79-1024x1536.jpg 1024w, https:\/\/alice-poitevin.fr\/wp-content\/uploads\/2026\/03\/ShootingCorporateAlice79-1365x2048.jpg 1365w, https:\/\/alice-poitevin.fr\/wp-content\/uploads\/2026\/03\/ShootingCorporateAlice79-scaled.jpg 1707w\" sizes=\"(max-width: 683px) 100vw, 683px\" \/><\/figure>\n<\/div>\n\n\n\n<div class=\"wp-block-column is-vertically-aligned-center has-global-padding is-layout-constrained wp-container-core-column-is-layout-c4a7d96a wp-block-column-is-layout-constrained\" style=\"flex-basis:50%\">\n<h3 class=\"wp-block-heading has-text-align-left has-text-color has-suranna-font-family\" style=\"color:#000000;margin-top:0.5rem;margin-bottom:0rem;font-size:clamp(24.034px, 1.502rem + ((1vw - 3.2px) * 1.814), 40px);font-style:normal;font-weight:500;letter-spacing:0px;line-height:1.3\">La d\u00e9termination des honoraires<\/h3>\n\n\n\n<p class=\"has-text-align-left has-text-color has-pontano-sans-font-family\" style=\"color:#000000;margin-top:20px;margin-bottom:20px;font-size:clamp(14px, 0.875rem + ((1vw - 3.2px) * 0.455), 18px);font-style:normal;font-weight:400;line-height:1.5\">Je mets un point d\u2019honneur \u00e0 \u00eatre transparente sur mes honoraires d\u00e8s le d\u00e9but de notre relation.<\/p>\n\n\n\n<p>Lors du premier rendez-vous, nous discuterons ouvertement de mes honoraires qui feront l\u2019objet d\u2019une convention d\u2019honoraires sign\u00e9e entre nous.<br><br>Les honoraires sont fix\u00e9s librement entre vous et moi en fonction de la nature de votre dossier, des diligences \u00e0 accomplir ou encore de votre situation financi\u00e8re.<br><br>Dans la mesure du possible, mes honoraires seront toujours \u00e9chelonn\u00e9s par le biais de provisions successives, au fur et \u00e0 mesure de l\u2019avanc\u00e9e de votre dossier, afin d\u2019\u00e9viter que vous ayez \u00e0 r\u00e9gler une somme trop importante en une seule fois.<\/p>\n\n\n\n<p class=\"has-text-align-left has-text-color has-pontano-sans-font-family\" style=\"color:#000000;margin-top:20px;margin-bottom:20px;font-size:clamp(14px, 0.875rem + ((1vw - 3.2px) * 0.455), 18px);font-style:normal;font-weight:400;line-height:1.5\">Chacune de mes diligences sera \u00e9videmment soumise \u00e0 votre approbation pr\u00e9alable, dans la mesure o\u00f9 nous travaillons ensemble pour la d\u00e9fense de vos int\u00e9r\u00eats.<br><\/p>\n\n\n\n<div style=\"height:5px\" aria-hidden=\"true\" class=\"wp-block-spacer\"><\/div>\n\n\n\n<div class=\"wp-block-buttons is-horizontal is-content-justification-left is-layout-flex wp-container-core-buttons-is-layout-2c34cf1c wp-block-buttons-is-layout-flex\" style=\"margin-top:0.51rem\">\n<div class=\"wp-block-button has-custom-width wp-block-button__width-50 is-style-fill\"><a class=\"wp-block-button__link has-text-color has-background has-pontano-sans-font-family has-custom-font-size wp-element-button\" href=\"http:\/\/alice-poitevin.fr\/?page_id=653&amp;preview=true\" style=\"border-style:none;border-width:0px;border-radius:0rem;color:#fffffd;background-color:#000000;padding-top:0.71rem;padding-right:0.31rem;padding-bottom:0.71rem;padding-left:0.31rem;font-size:clamp(0.875rem, 0.875rem + ((1vw - 0.2rem) * 0.245), 1.01rem);font-style:normal;font-weight:600;letter-spacing:1px;line-height:1.5;text-transform:uppercase\">Contacter le cabinet<\/a><\/div>\n<\/div>\n<\/div>\n<\/div>\n<\/section>\n\n\n\n<hr class=\"wp-block-separator alignwide has-alpha-channel-opacity\"\/>\n\n\n\n<div class=\"wp-block-cover alignfull is-light\" style=\"padding-top:6rem;padding-bottom:6rem\"><span aria-hidden=\"true\" class=\"wp-block-cover__background has-background-dim-10 has-background-dim\" style=\"background-color:#e27013\"><\/span><div class=\"wp-block-cover__inner-container has-global-padding is-layout-constrained wp-container-core-cover-is-layout-5cbdda46 wp-block-cover-is-layout-constrained\">\n<h2 class=\"wp-block-heading has-text-align-center has-text-color has-link-color has-suranna-font-family wp-elements-08dd7d8d669826ed3dca1cc0a82b0cbb\" style=\"color:#000000;font-size:clamp(24.034px, 1.502rem + ((1vw - 3.2px) * 1.814), 40px);font-style:normal;font-weight:500;letter-spacing:1px\">Les tarifs du cabinet<\/h2>\n\n\n\n<p class=\"has-text-align-center\">Le premier rendez-vous au cabinet est factur\u00e9 100 \u20ac HT, soit 120 \u20ac TTC. <\/p>\n\n\n\n<p class=\"has-text-align-center\">Cette consultation sera d\u00e9duite de mes honoraires en cas d&rsquo;ouverture de dossier.<\/p>\n\n\n\n<p class=\"has-text-align-center\">En fonction de la complexit\u00e9 et de la nature du dossier, mes honoraires seront fix\u00e9s soit au forfait, soit au taux horaire.<\/p>\n\n\n\n<p class=\"has-text-align-center\">Selon le type de proc\u00e9dure, je peux accepter d\u2019intervenir au titre de l\u2019aide juridictionnelle si vos ressources vous permettent d\u2019en b\u00e9n\u00e9ficier, c\u2019est-\u00e0-dire si l\u2019Etat accepte de prendre en charge tout ou partie de mes honoraires au regard de votre situation financi\u00e8re.<\/p>\n\n\n\n<p class=\"has-text-align-center\">Pour savoir si vous \u00eates \u00e9ligible au b\u00e9n\u00e9fice de l\u2019aide juridictionnelle :<\/p>\n\n\n\n<div class=\"wp-block-buttons is-horizontal is-content-justification-center is-layout-flex wp-container-core-buttons-is-layout-bb07f847 wp-block-buttons-is-layout-flex\" style=\"margin-top:30px\">\n<div class=\"wp-block-button has-custom-width wp-block-button__width-25 is-style-fill\"><a class=\"wp-block-button__link has-text-color has-background has-pontano-sans-font-family has-custom-font-size wp-element-button\" href=\"https:\/\/www.service-public.fr\/particuliers\/vosdroits\/F18074\" style=\"border-style:none;border-width:0px;border-radius:0rem;color:#fffffd;background-color:#000000;padding-top:0.71rem;padding-right:0.31rem;padding-bottom:0.71rem;padding-left:0.31rem;font-size:clamp(0.875rem, 0.875rem + ((1vw - 0.2rem) * 0.245), 1.01rem);font-style:normal;font-weight:600;letter-spacing:1px;line-height:1.5;text-transform:uppercase\">EN SAVOIR PLUS<\/a><\/div>\n<\/div>\n<\/div><\/div>\n\n\n\n<hr class=\"wp-block-separator alignwide has-alpha-channel-opacity\"\/>\n\n\n\n<section class=\"wp-block-cover alignfull\" style=\"margin-top:0px;padding-top:1.01rem;padding-bottom:1.01rem;min-height:430px;aspect-ratio:unset;\"><img decoding=\"async\" width=\"2560\" height=\"1707\" class=\"wp-block-cover__image-background wp-image-541\" alt=\"\" src=\"http:\/\/alice-poitevin.fr\/wp-content\/uploads\/2025\/07\/tamal-mukhopadhyay-dis1UAzHm18-unsplash-scaled.jpg\" style=\"object-position:48% 10%\" data-object-fit=\"cover\" data-object-position=\"48% 10%\" srcset=\"https:\/\/alice-poitevin.fr\/wp-content\/uploads\/2025\/07\/tamal-mukhopadhyay-dis1UAzHm18-unsplash-scaled.jpg 2560w, https:\/\/alice-poitevin.fr\/wp-content\/uploads\/2025\/07\/tamal-mukhopadhyay-dis1UAzHm18-unsplash-300x200.jpg 300w, https:\/\/alice-poitevin.fr\/wp-content\/uploads\/2025\/07\/tamal-mukhopadhyay-dis1UAzHm18-unsplash-1024x683.jpg 1024w, https:\/\/alice-poitevin.fr\/wp-content\/uploads\/2025\/07\/tamal-mukhopadhyay-dis1UAzHm18-unsplash-768x512.jpg 768w, https:\/\/alice-poitevin.fr\/wp-content\/uploads\/2025\/07\/tamal-mukhopadhyay-dis1UAzHm18-unsplash-1536x1024.jpg 1536w, https:\/\/alice-poitevin.fr\/wp-content\/uploads\/2025\/07\/tamal-mukhopadhyay-dis1UAzHm18-unsplash-2048x1365.jpg 2048w\" sizes=\"(max-width: 2560px) 100vw, 2560px\" \/><span aria-hidden=\"true\" class=\"wp-block-cover__background has-background-dim-0 has-background-dim\" style=\"background-color:#edf1f2\"><\/span><div class=\"wp-block-cover__inner-container has-global-padding is-layout-constrained wp-container-core-cover-is-layout-b1bebcb3 wp-block-cover-is-layout-constrained\">\n<div class=\"wp-block-group has-text-color is-layout-flow wp-block-group-is-layout-flow\" style=\"color:#fffffd;margin-top:0px;padding-top:0rem;padding-right:1rem;padding-bottom:0rem;padding-left:1rem;font-size:clamp(0.875rem, 0.875rem + ((1vw - 0.2rem) * 0.464), 1.13rem);font-style:normal;font-weight:400;line-height:1.4\">\n<div class=\"wp-block-group has-global-padding is-layout-constrained wp-container-core-group-is-layout-bdbfdc43 wp-block-group-is-layout-constrained\">\n<p class=\"has-text-align-center has-text-color\" style=\"color:#fffffd;margin-bottom:0rem;font-size:clamp(1.507rem, 1.507rem + ((1vw - 0.2rem) * 1.824), 2.51rem);font-style:normal;font-weight:400;line-height:1.2\">Vos droits m\u00e9ritent la meilleure d\u00e9fense.<\/p>\n<\/div>\n\n\n\n<div class=\"wp-block-group is-vertical is-content-justification-stretch is-layout-flex wp-container-core-group-is-layout-bfdebe91 wp-block-group-is-layout-flex\" style=\"margin-top:1.81rem;padding-right:0px;padding-left:0px\">\n<div class=\"wp-block-group has-global-padding is-content-justification-center is-layout-constrained wp-container-core-group-is-layout-2f0bcb29 wp-block-group-is-layout-constrained\" style=\"margin-top:0px\">\n<div class=\"wp-block-buttons is-horizontal is-content-justification-right is-layout-flex wp-container-core-buttons-is-layout-099266fd wp-block-buttons-is-layout-flex\" style=\"margin-top:0.51rem\">\n<div class=\"wp-block-button has-custom-width wp-block-button__width-100 is-style-fill\"><a class=\"wp-block-button__link has-text-color has-background has-custom-font-size wp-element-button\" href=\"http:\/\/alice-poitevin.fr\/?page_id=653&amp;preview=true\" style=\"border-style:none;border-width:0px;border-radius:0rem;color:#fffffd;background-color:#000000;padding-top:0.71rem;padding-right:0.31rem;padding-bottom:0.71rem;padding-left:0.31rem;font-size:clamp(0.875rem, 0.875rem + ((1vw - 0.2rem) * 0.245), 1.01rem);font-style:normal;font-weight:600;line-height:1.5;text-transform:uppercase\">CONTACTEZ-MOI<\/a><\/div>\n<\/div>\n<\/div>\n<\/div>\n<\/div>\n<\/div><\/section>\n","protected":false},"excerpt":{"rendered":"<p>La d\u00e9termination des honoraires Je mets un point d\u2019honneur \u00e0 \u00eatre transparente sur mes honoraires d\u00e8s le d\u00e9but de notre relation. Lors du premier rendez-vous, nous discuterons ouvertement de mes honoraires qui feront l\u2019objet d\u2019une convention d\u2019honoraires sign\u00e9e entre nous. Les honoraires sont fix\u00e9s librement entre vous et moi en fonction de la nature de [&hellip;]<\/p>\n","protected":false},"author":1,"featured_media":0,"parent":0,"menu_order":0,"comment_status":"closed","ping_status":"closed","template":"","meta":{"footnotes":""},"class_list":["post-705","page","type-page","status-publish","hentry"],"yoast_head":"<!-- This site is optimized with the Yoast SEO plugin v26.5 - https:\/\/yoast.com\/wordpress\/plugins\/seo\/ -->\n<title>Honoraires - Alice POITEVIN<\/title>\n<meta name=\"robots\" content=\"index, follow, max-snippet:-1, max-image-preview:large, max-video-preview:-1\" \/>\n<link rel=\"canonical\" href=\"https:\/\/alice-poitevin.fr\/index.php\/honoraires\/\" \/>\n<meta property=\"og:locale\" content=\"fr_FR\" \/>\n<meta property=\"og:type\" content=\"article\" \/>\n<meta property=\"og:title\" content=\"Honoraires - Alice POITEVIN\" \/>\n<meta property=\"og:description\" content=\"La d\u00e9termination des honoraires Je mets un point d\u2019honneur \u00e0 \u00eatre transparente sur mes honoraires d\u00e8s le d\u00e9but de notre relation. Lors du premier rendez-vous, nous discuterons ouvertement de mes honoraires qui feront l\u2019objet d\u2019une convention d\u2019honoraires sign\u00e9e entre nous. Les honoraires sont fix\u00e9s librement entre vous et moi en fonction de la nature de [&hellip;]\" \/>\n<meta property=\"og:url\" content=\"https:\/\/alice-poitevin.fr\/index.php\/honoraires\/\" \/>\n<meta property=\"og:site_name\" content=\"Alice POITEVIN\" \/>\n<meta property=\"article:modified_time\" content=\"2026-03-09T10:48:57+00:00\" \/>\n<meta property=\"og:image\" content=\"https:\/\/alice-poitevin.fr\/wp-content\/uploads\/2026\/03\/ShootingCorporateAlice79-scaled.jpg\" \/>\n\t<meta property=\"og:image:width\" content=\"1707\" \/>\n\t<meta property=\"og:image:height\" content=\"2560\" \/>\n\t<meta property=\"og:image:type\" content=\"image\/jpeg\" \/>\n<meta name=\"twitter:card\" content=\"summary_large_image\" \/>\n<meta name=\"twitter:label1\" content=\"Dur\u00e9e de lecture estim\u00e9e\" \/>\n\t<meta name=\"twitter:data1\" content=\"2 minutes\" \/>\n<script type=\"application\/ld+json\" class=\"yoast-schema-graph\">{\"@context\":\"https:\/\/schema.org\",\"@graph\":[{\"@type\":\"WebPage\",\"@id\":\"https:\/\/alice-poitevin.fr\/index.php\/honoraires\/\",\"url\":\"https:\/\/alice-poitevin.fr\/index.php\/honoraires\/\",\"name\":\"Honoraires - Alice POITEVIN\",\"isPartOf\":{\"@id\":\"https:\/\/alice-poitevin.fr\/#website\"},\"primaryImageOfPage\":{\"@id\":\"https:\/\/alice-poitevin.fr\/index.php\/honoraires\/#primaryimage\"},\"image\":{\"@id\":\"https:\/\/alice-poitevin.fr\/index.php\/honoraires\/#primaryimage\"},\"thumbnailUrl\":\"https:\/\/alice-poitevin.fr\/wp-content\/uploads\/2026\/03\/ShootingCorporateAlice79-683x1024.jpg\",\"datePublished\":\"2025-07-31T14:34:08+00:00\",\"dateModified\":\"2026-03-09T10:48:57+00:00\",\"breadcrumb\":{\"@id\":\"https:\/\/alice-poitevin.fr\/index.php\/honoraires\/#breadcrumb\"},\"inLanguage\":\"fr-FR\",\"potentialAction\":[{\"@type\":\"ReadAction\",\"target\":[\"https:\/\/alice-poitevin.fr\/index.php\/honoraires\/\"]}]},{\"@type\":\"ImageObject\",\"inLanguage\":\"fr-FR\",\"@id\":\"https:\/\/alice-poitevin.fr\/index.php\/honoraires\/#primaryimage\",\"url\":\"https:\/\/alice-poitevin.fr\/wp-content\/uploads\/2026\/03\/ShootingCorporateAlice79-scaled.jpg\",\"contentUrl\":\"https:\/\/alice-poitevin.fr\/wp-content\/uploads\/2026\/03\/ShootingCorporateAlice79-scaled.jpg\",\"width\":1707,\"height\":2560},{\"@type\":\"BreadcrumbList\",\"@id\":\"https:\/\/alice-poitevin.fr\/index.php\/honoraires\/#breadcrumb\",\"itemListElement\":[{\"@type\":\"ListItem\",\"position\":1,\"name\":\"Accueil\",\"item\":\"https:\/\/alice-poitevin.fr\/\"},{\"@type\":\"ListItem\",\"position\":2,\"name\":\"Honoraires\"}]},{\"@type\":\"WebSite\",\"@id\":\"https:\/\/alice-poitevin.fr\/#website\",\"url\":\"https:\/\/alice-poitevin.fr\/\",\"name\":\"Alice POITEVIN\",\"description\":\"Avocate au Barreau de VANNES\",\"publisher\":{\"@id\":\"https:\/\/alice-poitevin.fr\/#organization\"},\"potentialAction\":[{\"@type\":\"SearchAction\",\"target\":{\"@type\":\"EntryPoint\",\"urlTemplate\":\"https:\/\/alice-poitevin.fr\/?s={search_term_string}\"},\"query-input\":{\"@type\":\"PropertyValueSpecification\",\"valueRequired\":true,\"valueName\":\"search_term_string\"}}],\"inLanguage\":\"fr-FR\"},{\"@type\":\"Organization\",\"@id\":\"https:\/\/alice-poitevin.fr\/#organization\",\"name\":\"Alice POITEVIN\",\"url\":\"https:\/\/alice-poitevin.fr\/\",\"logo\":{\"@type\":\"ImageObject\",\"inLanguage\":\"fr-FR\",\"@id\":\"https:\/\/alice-poitevin.fr\/#\/schema\/logo\/image\/\",\"url\":\"https:\/\/alice-poitevin.fr\/wp-content\/uploads\/2024\/08\/LOGO-4-2-1.png\",\"contentUrl\":\"https:\/\/alice-poitevin.fr\/wp-content\/uploads\/2024\/08\/LOGO-4-2-1.png\",\"width\":500,\"height\":500,\"caption\":\"Alice POITEVIN\"},\"image\":{\"@id\":\"https:\/\/alice-poitevin.fr\/#\/schema\/logo\/image\/\"}}]}<\/script>\n<!-- \/ Yoast SEO plugin. -->","yoast_head_json":{"title":"Honoraires - Alice POITEVIN","robots":{"index":"index","follow":"follow","max-snippet":"max-snippet:-1","max-image-preview":"max-image-preview:large","max-video-preview":"max-video-preview:-1"},"canonical":"https:\/\/alice-poitevin.fr\/index.php\/honoraires\/","og_locale":"fr_FR","og_type":"article","og_title":"Honoraires - Alice POITEVIN","og_description":"La d\u00e9termination des honoraires Je mets un point d\u2019honneur \u00e0 \u00eatre transparente sur mes honoraires d\u00e8s le d\u00e9but de notre relation. Lors du premier rendez-vous, nous discuterons ouvertement de mes honoraires qui feront l\u2019objet d\u2019une convention d\u2019honoraires sign\u00e9e entre nous. Les honoraires sont fix\u00e9s librement entre vous et moi en fonction de la nature de [&hellip;]","og_url":"https:\/\/alice-poitevin.fr\/index.php\/honoraires\/","og_site_name":"Alice POITEVIN","article_modified_time":"2026-03-09T10:48:57+00:00","og_image":[{"width":1707,"height":2560,"url":"https:\/\/alice-poitevin.fr\/wp-content\/uploads\/2026\/03\/ShootingCorporateAlice79-scaled.jpg","type":"image\/jpeg"}],"twitter_card":"summary_large_image","twitter_misc":{"Dur\u00e9e de lecture estim\u00e9e":"2 minutes"},"schema":{"@context":"https:\/\/schema.org","@graph":[{"@type":"WebPage","@id":"https:\/\/alice-poitevin.fr\/index.php\/honoraires\/","url":"https:\/\/alice-poitevin.fr\/index.php\/honoraires\/","name":"Honoraires - Alice POITEVIN","isPartOf":{"@id":"https:\/\/alice-poitevin.fr\/#website"},"primaryImageOfPage":{"@id":"https:\/\/alice-poitevin.fr\/index.php\/honoraires\/#primaryimage"},"image":{"@id":"https:\/\/alice-poitevin.fr\/index.php\/honoraires\/#primaryimage"},"thumbnailUrl":"https:\/\/alice-poitevin.fr\/wp-content\/uploads\/2026\/03\/ShootingCorporateAlice79-683x1024.jpg","datePublished":"2025-07-31T14:34:08+00:00","dateModified":"2026-03-09T10:48:57+00:00","breadcrumb":{"@id":"https:\/\/alice-poitevin.fr\/index.php\/honoraires\/#breadcrumb"},"inLanguage":"fr-FR","potentialAction":[{"@type":"ReadAction","target":["https:\/\/alice-poitevin.fr\/index.php\/honoraires\/"]}]},{"@type":"ImageObject","inLanguage":"fr-FR","@id":"https:\/\/alice-poitevin.fr\/index.php\/honoraires\/#primaryimage","url":"https:\/\/alice-poitevin.fr\/wp-content\/uploads\/2026\/03\/ShootingCorporateAlice79-scaled.jpg","contentUrl":"https:\/\/alice-poitevin.fr\/wp-content\/uploads\/2026\/03\/ShootingCorporateAlice79-scaled.jpg","width":1707,"height":2560},{"@type":"BreadcrumbList","@id":"https:\/\/alice-poitevin.fr\/index.php\/honoraires\/#breadcrumb","itemListElement":[{"@type":"ListItem","position":1,"name":"Accueil","item":"https:\/\/alice-poitevin.fr\/"},{"@type":"ListItem","position":2,"name":"Honoraires"}]},{"@type":"WebSite","@id":"https:\/\/alice-poitevin.fr\/#website","url":"https:\/\/alice-poitevin.fr\/","name":"Alice POITEVIN","description":"Avocate au Barreau de VANNES","publisher":{"@id":"https:\/\/alice-poitevin.fr\/#organization"},"potentialAction":[{"@type":"SearchAction","target":{"@type":"EntryPoint","urlTemplate":"https:\/\/alice-poitevin.fr\/?s={search_term_string}"},"query-input":{"@type":"PropertyValueSpecification","valueRequired":true,"valueName":"search_term_string"}}],"inLanguage":"fr-FR"},{"@type":"Organization","@id":"https:\/\/alice-poitevin.fr\/#organization","name":"Alice POITEVIN","url":"https:\/\/alice-poitevin.fr\/","logo":{"@type":"ImageObject","inLanguage":"fr-FR","@id":"https:\/\/alice-poitevin.fr\/#\/schema\/logo\/image\/","url":"https:\/\/alice-poitevin.fr\/wp-content\/uploads\/2024\/08\/LOGO-4-2-1.png","contentUrl":"https:\/\/alice-poitevin.fr\/wp-content\/uploads\/2024\/08\/LOGO-4-2-1.png","width":500,"height":500,"caption":"Alice POITEVIN"},"image":{"@id":"https:\/\/alice-poitevin.fr\/#\/schema\/logo\/image\/"}}]}},"_links":{"self":[{"href":"https:\/\/alice-poitevin.fr\/index.php\/wp-json\/wp\/v2\/pages\/705","targetHints":{"allow":["GET"]}}],"collection":[{"href":"https:\/\/alice-poitevin.fr\/index.php\/wp-json\/wp\/v2\/pages"}],"about":[{"href":"https:\/\/alice-poitevin.fr\/index.php\/wp-json\/wp\/v2\/types\/page"}],"author":[{"embeddable":true,"href":"https:\/\/alice-poitevin.fr\/index.php\/wp-json\/wp\/v2\/users\/1"}],"replies":[{"embeddable":true,"href":"https:\/\/alice-poitevin.fr\/index.php\/wp-json\/wp\/v2\/comments?post=705"}],"version-history":[{"count":5,"href":"https:\/\/alice-poitevin.fr\/index.php\/wp-json\/wp\/v2\/pages\/705\/revisions"}],"predecessor-version":[{"id":863,"href":"https:\/\/alice-poitevin.fr\/index.php\/wp-json\/wp\/v2\/pages\/705\/revisions\/863"}],"wp:attachment":[{"href":"https:\/\/alice-poitevin.fr\/index.php\/wp-json\/wp\/v2\/media?parent=705"}],"curies":[{"name":"wp","href":"https:\/\/api.w.org\/{rel}","templated":true}]}}