{"id":433,"date":"2024-08-09T22:35:53","date_gmt":"2024-08-09T20:35:53","guid":{"rendered":"http:\/\/alice-poitevin.fr\/?page_id=433"},"modified":"2026-03-09T16:48:08","modified_gmt":"2026-03-09T15:48:08","slug":"mentions-legales","status":"publish","type":"page","link":"https:\/\/alice-poitevin.fr\/index.php\/mentions-legales\/","title":{"rendered":"Mentions l\u00e9gales \/ Politique de confidentialit\u00e9"},"content":{"rendered":"\n<h2 class=\"wp-block-heading\">Mentions l\u00e9gales et politique de confidentialit\u00e9<\/h2>\n\n\n\n<div style=\"height:40px\" aria-hidden=\"true\" class=\"wp-block-spacer\"><\/div>\n\n\n\n<p>Conform\u00e9ment aux dispositions de la loi n\u00b0 2004-575 du 21 juin 2004 pour la confiance en l&rsquo;\u00e9conomie num\u00e9rique, il est pr\u00e9cis\u00e9 aux utilisateurs du site Alice POITEVIN l&rsquo;identit\u00e9 des diff\u00e9rents intervenants dans le cadre de sa r\u00e9alisation et de son suivi.<\/p>\n\n\n\n<div style=\"height:40px\" aria-hidden=\"true\" class=\"wp-block-spacer\"><\/div>\n\n\n\n<h2 class=\"wp-block-heading has-medium-font-size\"><strong>Edition du site&nbsp;<\/strong><\/h2>\n\n\n\n<div style=\"height:40px\" aria-hidden=\"true\" class=\"wp-block-spacer\"><\/div>\n\n\n\n<p>Le pr\u00e9sent site, accessible \u00e0 l\u2019URL www.alice-poitevin.fr (le \u00ab Site \u00bb), est \u00e9dit\u00e9 par :<\/p>\n\n\n\n<div style=\"height:40px\" aria-hidden=\"true\" class=\"wp-block-spacer\"><\/div>\n\n\n\n<p>Raison sociale : Ma\u00eetre Alice POITEVIN<\/p>\n\n\n\n<p>Forme juridique : Entreprise individuelle<\/p>\n\n\n\n<p>Barreau : Barreau de VANNES<\/p>\n\n\n\n<p>Adresse : 21 Rue du Moulin \u00e0 VANNES (56000)<br><\/p>\n\n\n\n<p>Num\u00e9ro de SIRET : 908&nbsp;599&nbsp;327 00040<\/p>\n\n\n\n<p>Num\u00e9ro individuel TVA : FR 23908599327.<br><\/p>\n\n\n\n<div style=\"height:40px\" aria-hidden=\"true\" class=\"wp-block-spacer\"><\/div>\n\n\n\n<h2 class=\"wp-block-heading has-medium-font-size\"><strong>H\u00e9bergement<\/strong><\/h2>\n\n\n\n<p><br>Le Site est h\u00e9berg\u00e9 par la soci\u00e9t\u00e9 OVH SAS, situ\u00e9 2 rue Kellermann &#8211; BP 80157 &#8211; 59053 Roubaix Cedex 1, (contact t\u00e9l\u00e9phonique ou email : 1007).<\/p>\n\n\n\n<div style=\"height:40px\" aria-hidden=\"true\" class=\"wp-block-spacer\"><\/div>\n\n\n\n<h2 class=\"wp-block-heading has-medium-font-size\"><strong>Directeur de publication&nbsp;<\/strong><\/h2>\n\n\n\n<p><br>Le Directeur de la publication du Site est Alice POITEVIN.<\/p>\n\n\n\n<div style=\"height:40px\" aria-hidden=\"true\" class=\"wp-block-spacer\"><\/div>\n\n\n\n<p>Cr\u00e9dit photographies : Sylvain MAINGUY<\/p>\n\n\n\n<div style=\"height:40px\" aria-hidden=\"true\" class=\"wp-block-spacer\"><\/div>\n\n\n\n<h2 class=\"wp-block-heading has-medium-font-size\"><strong>Nous contacter&nbsp;<\/strong><\/h2>\n\n\n\n<p><br>Par t\u00e9l\u00e9phone&nbsp;: +33619462448<\/p>\n\n\n\n<p>Par email&nbsp;: contact@alice-poitevin.fr<\/p>\n\n\n\n<p>Par courrier&nbsp;: 21 Rue du Moulin 56000 VANNES<\/p>\n\n\n\n<p><\/p>\n\n\n\n<div style=\"height:40px\" aria-hidden=\"true\" class=\"wp-block-spacer\"><\/div>\n\n\n\n<h2 class=\"wp-block-heading has-medium-font-size\"><strong>R\u00e9clamation et litige<\/strong><\/h2>\n\n\n\n<div style=\"height:40px\" aria-hidden=\"true\" class=\"wp-block-spacer\"><\/div>\n\n\n\n<p>En cas de contestation, r\u00e9clamation, litige ou difficult\u00e9 d&rsquo;interpr\u00e9tation, vous pouvez saisir le m\u00e9diateur national de la consommation de la profession d\u2019avocat pr\u00e8s du Conseil National des Barreaux soit par internet depuis son site (<a href=\"https:\/\/cnma.avocat.fr\/\">https:\/\/cnma.avocat.fr\/<\/a>), soit par lettre simple adress\u00e9e au m\u00e9diateur national (CNB, 22 rue de Londres 75000 PARIS).<\/p>\n\n\n\n<div style=\"height:40px\" aria-hidden=\"true\" class=\"wp-block-spacer\"><\/div>\n\n\n\n<hr class=\"wp-block-separator has-alpha-channel-opacity\"\/>\n\n\n\n<div style=\"height:40px\" aria-hidden=\"true\" class=\"wp-block-spacer\"><\/div>\n\n\n\n<p><\/p>\n\n\n\n<h2 class=\"wp-block-heading\"><strong>Protection des donn\u00e9es personnelles<\/strong><\/h2>\n\n\n\n<div style=\"height:40px\" aria-hidden=\"true\" class=\"wp-block-spacer\"><\/div>\n\n\n\n<p>Dans le cadre de l\u2019utilisation du formulaire de contact disponible sur ce site, Alice POITEVIN collecte et traite certaines donn\u00e9es personnelles vous concernant.<br><\/p>\n\n\n\n<div style=\"height:40px\" aria-hidden=\"true\" class=\"wp-block-spacer\"><\/div>\n\n\n\n<p>Conform\u00e9ment au <strong>R\u00e8glement G\u00e9n\u00e9ral sur la Protection des Donn\u00e9es (RGPD)<\/strong> et \u00e0 la <strong>loi Informatique et Libert\u00e9s<\/strong>, nous vous informons ci-dessous de mani\u00e8re claire et transparente sur ce traitement.<\/p>\n\n\n\n<div style=\"height:40px\" aria-hidden=\"true\" class=\"wp-block-spacer\"><\/div>\n\n\n\n<h2 class=\"wp-block-heading has-medium-font-size\"><strong>1. Responsable de traitement<\/strong><\/h2>\n\n\n\n<div style=\"height:40px\" aria-hidden=\"true\" class=\"wp-block-spacer\"><\/div>\n\n\n\n<p><\/p>\n\n\n\n<p>Le responsable du traitement est Alice POITEVIN, 21 Rue du Moulin \u00e0 VANNES(56000)<br><\/p>\n\n\n\n<p>Pour toute question relative \u00e0 la protection de vos donn\u00e9es ou pour exercer vos droits, vous pouvez nous contacter \u00e0 l\u2019adresse suivante :<\/p>\n\n\n\n<p><\/p>\n\n\n\n<p>Par t\u00e9l\u00e9phone : +33619462448<br>Par email : contact@alice-poitevin.fr<br>Par courrier : 21 Rue du Moulin 56000 VANNES<\/p>\n\n\n\n<div style=\"height:40px\" aria-hidden=\"true\" class=\"wp-block-spacer\"><\/div>\n\n\n\n<h2 class=\"wp-block-heading has-medium-font-size\"><strong>2. Finalit\u00e9s du traitement<\/strong><br><\/h2>\n\n\n\n<div style=\"height:40px\" aria-hidden=\"true\" class=\"wp-block-spacer\"><\/div>\n\n\n\n<p class=\"has-medium-font-size\">Nous n\u2019utilisons vos donn\u00e9es personnelles que dans les cas pr\u00e9sentant un int\u00e9r\u00eat l\u00e9gitime. Notre int\u00e9r\u00eat l\u00e9gitime \u00e0 l&rsquo;utilisation de vos donn\u00e9es est de :<\/p>\n\n\n\n<ul class=\"wp-block-list\">\n<li>R\u00e9pondre \u00e0 votre demande de renseignement ou de prise de contact,<\/li>\n\n\n\n<li>Assurer le suivi de la relation entre vous et Ma\u00eetre Alice POITEVIN,<\/li>\n\n\n\n<li>Le cas \u00e9ch\u00e9ant, pr\u00e9parer un rendez-vous ou une offre de services juridiques.<\/li>\n\n\n\n<li>Caract\u00e9riser l&rsquo;audience de notre site afin d&rsquo;en am\u00e9liorer l&rsquo;exp\u00e9rience<\/li>\n<\/ul>\n\n\n\n<div style=\"height:40px\" aria-hidden=\"true\" class=\"wp-block-spacer\"><\/div>\n\n\n\n<p>En tout \u00e9tat de cause, vos droits individuels primeront toujours sur notre int\u00e9r\u00eat l\u00e9gitime, et nous n\u2019utiliserons jamais vos donn\u00e9es \u00e0 des fins commerciales contre votre volont\u00e9. Votre consentement \u00e0 l&rsquo;utilisation de vos donn\u00e9es vous sera toujours demand\u00e9, et vous pourrez toujours le retirer.<\/p>\n\n\n\n<div style=\"height:40px\" aria-hidden=\"true\" class=\"wp-block-spacer\"><\/div>\n\n\n\n<h2 class=\"wp-block-heading has-medium-font-size\"><strong>3. Donn\u00e9es collect\u00e9es<\/strong><\/h2>\n\n\n\n<div style=\"height:40px\" aria-hidden=\"true\" class=\"wp-block-spacer\"><\/div>\n\n\n\n<p>Les donn\u00e9es collect\u00e9es sont uniquement celles que vous nous communiquez dans le formulaire :<\/p>\n\n\n\n<ul class=\"wp-block-list\">\n<li>Nom, pr\u00e9nom,<\/li>\n\n\n\n<li>Adresse e-mail,<\/li>\n\n\n\n<li>Num\u00e9ro de t\u00e9l\u00e9phone (si fourni),<\/li>\n\n\n\n<li>Contenu du message.<br><\/li>\n<\/ul>\n\n\n\n<div style=\"height:40px\" aria-hidden=\"true\" class=\"wp-block-spacer\"><\/div>\n\n\n\n<p>Aucune donn\u00e9e sensible n\u2019est collect\u00e9e par ce biais.<\/p>\n\n\n\n<div style=\"height:40px\" aria-hidden=\"true\" class=\"wp-block-spacer\"><\/div>\n\n\n\n<h2 class=\"wp-block-heading has-medium-font-size\"><strong>4. Destinataires des donn\u00e9es<\/strong><\/h2>\n\n\n\n<div style=\"height:40px\" aria-hidden=\"true\" class=\"wp-block-spacer\"><\/div>\n\n\n\n<p>Seule Alice POITEVIN et le personnel habilit\u00e9 ont acc\u00e8s \u00e0 vos donn\u00e9es.<br>Vos informations ne sont <strong>ni vendues, ni \u00e9chang\u00e9es, ni transf\u00e9r\u00e9es \u00e0 des tiers<\/strong>, sauf obligation l\u00e9gale.<\/p>\n\n\n\n<p>Les prestataires informatiques et techniques avec lesquels nous collaborons peuvent \u00e9galement avoir acc\u00e8s \u00e0 certaines de vos informations pour la bonne ex\u00e9cution de leurs prestations respectives.<\/p>\n\n\n\n<div style=\"height:40px\" aria-hidden=\"true\" class=\"wp-block-spacer\"><\/div>\n\n\n\n<h2 class=\"wp-block-heading has-medium-font-size\"><strong>5. Base juridique du traitement<\/strong><\/h2>\n\n\n\n<div style=\"height:40px\" aria-hidden=\"true\" class=\"wp-block-spacer\"><\/div>\n\n\n\n<p>Le traitement de vos donn\u00e9es repose sur :<\/p>\n\n\n\n<ul class=\"wp-block-list\">\n<li><strong>Votre consentement<\/strong> (article 6.1.a du RGPD), que vous manifestez en envoyant volontairement le formulaire.<\/li>\n\n\n\n<li>Le cas \u00e9ch\u00e9ant, le <strong>respect d\u2019obligations l\u00e9gales<\/strong> li\u00e9es \u00e0 l\u2019activit\u00e9 d\u2019avocat (archivage, obligations comptables, etc.).<\/li>\n<\/ul>\n\n\n\n<div style=\"height:40px\" aria-hidden=\"true\" class=\"wp-block-spacer\"><\/div>\n\n\n\n<h2 class=\"wp-block-heading has-medium-font-size\"><strong>6. Dur\u00e9e de conservation<\/strong><\/h2>\n\n\n\n<div style=\"height:40px\" aria-hidden=\"true\" class=\"wp-block-spacer\"><\/div>\n\n\n\n<p>Vos donn\u00e9es ne sont conserv\u00e9es que le temps n\u00e9cessaire au traitement de votre demande et au suivi de la relation. Vous pouvez \u00e0 tout moment demander leur effacement.<\/p>\n\n\n\n<div style=\"height:40px\" aria-hidden=\"true\" class=\"wp-block-spacer\"><\/div>\n\n\n\n<h2 class=\"wp-block-heading has-medium-font-size\"><strong>7. Vos droits<\/strong><\/h2>\n\n\n\n<div style=\"height:40px\" aria-hidden=\"true\" class=\"wp-block-spacer\"><\/div>\n\n\n\n<p>Conform\u00e9ment au RGPD, vous disposez des droits suivants :<\/p>\n\n\n\n<ul class=\"wp-block-list\">\n<li>Droit d\u2019acc\u00e8s \u00e0 vos donn\u00e9es,<\/li>\n\n\n\n<li>Droit de rectification ou de mise \u00e0 jour,<\/li>\n\n\n\n<li>Droit \u00e0 l\u2019effacement (\u00ab droit \u00e0 l\u2019oubli \u00bb),<\/li>\n\n\n\n<li>Droit \u00e0 la limitation du traitement,<\/li>\n\n\n\n<li>Droit d\u2019opposition au traitement,<\/li>\n\n\n\n<li>Droit \u00e0 la portabilit\u00e9 de vos donn\u00e9es.<\/li>\n<\/ul>\n\n\n\n<div style=\"height:40px\" aria-hidden=\"true\" class=\"wp-block-spacer\"><\/div>\n\n\n\n<p>Pour exercer vos droits, contactez-nous \u00e0 :<\/p>\n\n\n\n<div style=\"height:40px\" aria-hidden=\"true\" class=\"wp-block-spacer\"><\/div>\n\n\n\n<p>Par t\u00e9l\u00e9phone : +33619462448<br>Par email : contact@alice-poitevin.fr<br>Par courrier : 21 Rue du Moulin 56000 VANNES<br><\/p>\n\n\n\n<div style=\"height:40px\" aria-hidden=\"true\" class=\"wp-block-spacer\"><\/div>\n\n\n\n<h2 class=\"wp-block-heading has-medium-font-size\"><strong>8. R\u00e9clamation aupr\u00e8s de la CNIL<\/strong><\/h2>\n\n\n\n<div style=\"height:40px\" aria-hidden=\"true\" class=\"wp-block-spacer\"><\/div>\n\n\n\n<p>En cas de difficult\u00e9 dans l\u2019exercice de vos droits ou de d\u00e9saccord sur le traitement de vos donn\u00e9es, vous avez la possibilit\u00e9 de saisir la <strong>Commission Nationale de l\u2019Informatique et des Libert\u00e9s (CNIL)<\/strong> :<br><a>www.cnil.fr<\/a><br><br><\/p>\n","protected":false},"excerpt":{"rendered":"<p>Mentions l\u00e9gales et politique de confidentialit\u00e9 Conform\u00e9ment aux dispositions de la loi n\u00b0 2004-575 du 21 juin 2004 pour la confiance en l&rsquo;\u00e9conomie num\u00e9rique, il est pr\u00e9cis\u00e9 aux utilisateurs du site Alice POITEVIN l&rsquo;identit\u00e9 des diff\u00e9rents intervenants dans le cadre de sa r\u00e9alisation et de son suivi. Edition du site&nbsp; Le pr\u00e9sent site, accessible \u00e0 [&hellip;]<\/p>\n","protected":false},"author":1,"featured_media":0,"parent":0,"menu_order":0,"comment_status":"closed","ping_status":"closed","template":"","meta":{"footnotes":""},"class_list":["post-433","page","type-page","status-publish","hentry"],"yoast_head":"<!-- This site is optimized with the Yoast SEO plugin v26.5 - https:\/\/yoast.com\/wordpress\/plugins\/seo\/ -->\n<title>Mentions l\u00e9gales \/ Politique de confidentialit\u00e9 - Alice POITEVIN<\/title>\n<meta name=\"robots\" content=\"index, follow, max-snippet:-1, max-image-preview:large, max-video-preview:-1\" \/>\n<link rel=\"canonical\" href=\"https:\/\/alice-poitevin.fr\/index.php\/mentions-legales\/\" \/>\n<meta property=\"og:locale\" content=\"fr_FR\" \/>\n<meta property=\"og:type\" content=\"article\" \/>\n<meta property=\"og:title\" content=\"Mentions l\u00e9gales \/ Politique de confidentialit\u00e9 - Alice POITEVIN\" \/>\n<meta property=\"og:description\" content=\"Mentions l\u00e9gales et politique de confidentialit\u00e9 Conform\u00e9ment aux dispositions de la loi n\u00b0 2004-575 du 21 juin 2004 pour la confiance en l&rsquo;\u00e9conomie num\u00e9rique, il est pr\u00e9cis\u00e9 aux utilisateurs du site Alice POITEVIN l&rsquo;identit\u00e9 des diff\u00e9rents intervenants dans le cadre de sa r\u00e9alisation et de son suivi. Edition du site&nbsp; Le pr\u00e9sent site, accessible \u00e0 [&hellip;]\" \/>\n<meta property=\"og:url\" content=\"https:\/\/alice-poitevin.fr\/index.php\/mentions-legales\/\" \/>\n<meta property=\"og:site_name\" content=\"Alice POITEVIN\" \/>\n<meta property=\"article:modified_time\" content=\"2026-03-09T15:48:08+00:00\" \/>\n<meta name=\"twitter:card\" content=\"summary_large_image\" \/>\n<meta name=\"twitter:label1\" content=\"Dur\u00e9e de lecture estim\u00e9e\" \/>\n\t<meta name=\"twitter:data1\" content=\"4 minutes\" \/>\n<script type=\"application\/ld+json\" class=\"yoast-schema-graph\">{\"@context\":\"https:\/\/schema.org\",\"@graph\":[{\"@type\":\"WebPage\",\"@id\":\"https:\/\/alice-poitevin.fr\/index.php\/mentions-legales\/\",\"url\":\"https:\/\/alice-poitevin.fr\/index.php\/mentions-legales\/\",\"name\":\"Mentions l\u00e9gales \/ Politique de confidentialit\u00e9 - Alice POITEVIN\",\"isPartOf\":{\"@id\":\"https:\/\/alice-poitevin.fr\/#website\"},\"datePublished\":\"2024-08-09T20:35:53+00:00\",\"dateModified\":\"2026-03-09T15:48:08+00:00\",\"breadcrumb\":{\"@id\":\"https:\/\/alice-poitevin.fr\/index.php\/mentions-legales\/#breadcrumb\"},\"inLanguage\":\"fr-FR\",\"potentialAction\":[{\"@type\":\"ReadAction\",\"target\":[\"https:\/\/alice-poitevin.fr\/index.php\/mentions-legales\/\"]}]},{\"@type\":\"BreadcrumbList\",\"@id\":\"https:\/\/alice-poitevin.fr\/index.php\/mentions-legales\/#breadcrumb\",\"itemListElement\":[{\"@type\":\"ListItem\",\"position\":1,\"name\":\"Accueil\",\"item\":\"https:\/\/alice-poitevin.fr\/\"},{\"@type\":\"ListItem\",\"position\":2,\"name\":\"Mentions l\u00e9gales \/ Politique de confidentialit\u00e9\"}]},{\"@type\":\"WebSite\",\"@id\":\"https:\/\/alice-poitevin.fr\/#website\",\"url\":\"https:\/\/alice-poitevin.fr\/\",\"name\":\"Alice POITEVIN\",\"description\":\"Avocate au Barreau de VANNES\",\"publisher\":{\"@id\":\"https:\/\/alice-poitevin.fr\/#organization\"},\"potentialAction\":[{\"@type\":\"SearchAction\",\"target\":{\"@type\":\"EntryPoint\",\"urlTemplate\":\"https:\/\/alice-poitevin.fr\/?s={search_term_string}\"},\"query-input\":{\"@type\":\"PropertyValueSpecification\",\"valueRequired\":true,\"valueName\":\"search_term_string\"}}],\"inLanguage\":\"fr-FR\"},{\"@type\":\"Organization\",\"@id\":\"https:\/\/alice-poitevin.fr\/#organization\",\"name\":\"Alice POITEVIN\",\"url\":\"https:\/\/alice-poitevin.fr\/\",\"logo\":{\"@type\":\"ImageObject\",\"inLanguage\":\"fr-FR\",\"@id\":\"https:\/\/alice-poitevin.fr\/#\/schema\/logo\/image\/\",\"url\":\"https:\/\/alice-poitevin.fr\/wp-content\/uploads\/2024\/08\/LOGO-4-2-1.png\",\"contentUrl\":\"https:\/\/alice-poitevin.fr\/wp-content\/uploads\/2024\/08\/LOGO-4-2-1.png\",\"width\":500,\"height\":500,\"caption\":\"Alice POITEVIN\"},\"image\":{\"@id\":\"https:\/\/alice-poitevin.fr\/#\/schema\/logo\/image\/\"}}]}<\/script>\n<!-- \/ Yoast SEO plugin. -->","yoast_head_json":{"title":"Mentions l\u00e9gales \/ Politique de confidentialit\u00e9 - Alice POITEVIN","robots":{"index":"index","follow":"follow","max-snippet":"max-snippet:-1","max-image-preview":"max-image-preview:large","max-video-preview":"max-video-preview:-1"},"canonical":"https:\/\/alice-poitevin.fr\/index.php\/mentions-legales\/","og_locale":"fr_FR","og_type":"article","og_title":"Mentions l\u00e9gales \/ Politique de confidentialit\u00e9 - Alice POITEVIN","og_description":"Mentions l\u00e9gales et politique de confidentialit\u00e9 Conform\u00e9ment aux dispositions de la loi n\u00b0 2004-575 du 21 juin 2004 pour la confiance en l&rsquo;\u00e9conomie num\u00e9rique, il est pr\u00e9cis\u00e9 aux utilisateurs du site Alice POITEVIN l&rsquo;identit\u00e9 des diff\u00e9rents intervenants dans le cadre de sa r\u00e9alisation et de son suivi. Edition du site&nbsp; Le pr\u00e9sent site, accessible \u00e0 [&hellip;]","og_url":"https:\/\/alice-poitevin.fr\/index.php\/mentions-legales\/","og_site_name":"Alice POITEVIN","article_modified_time":"2026-03-09T15:48:08+00:00","twitter_card":"summary_large_image","twitter_misc":{"Dur\u00e9e de lecture estim\u00e9e":"4 minutes"},"schema":{"@context":"https:\/\/schema.org","@graph":[{"@type":"WebPage","@id":"https:\/\/alice-poitevin.fr\/index.php\/mentions-legales\/","url":"https:\/\/alice-poitevin.fr\/index.php\/mentions-legales\/","name":"Mentions l\u00e9gales \/ Politique de confidentialit\u00e9 - Alice POITEVIN","isPartOf":{"@id":"https:\/\/alice-poitevin.fr\/#website"},"datePublished":"2024-08-09T20:35:53+00:00","dateModified":"2026-03-09T15:48:08+00:00","breadcrumb":{"@id":"https:\/\/alice-poitevin.fr\/index.php\/mentions-legales\/#breadcrumb"},"inLanguage":"fr-FR","potentialAction":[{"@type":"ReadAction","target":["https:\/\/alice-poitevin.fr\/index.php\/mentions-legales\/"]}]},{"@type":"BreadcrumbList","@id":"https:\/\/alice-poitevin.fr\/index.php\/mentions-legales\/#breadcrumb","itemListElement":[{"@type":"ListItem","position":1,"name":"Accueil","item":"https:\/\/alice-poitevin.fr\/"},{"@type":"ListItem","position":2,"name":"Mentions l\u00e9gales \/ Politique de confidentialit\u00e9"}]},{"@type":"WebSite","@id":"https:\/\/alice-poitevin.fr\/#website","url":"https:\/\/alice-poitevin.fr\/","name":"Alice POITEVIN","description":"Avocate au Barreau de VANNES","publisher":{"@id":"https:\/\/alice-poitevin.fr\/#organization"},"potentialAction":[{"@type":"SearchAction","target":{"@type":"EntryPoint","urlTemplate":"https:\/\/alice-poitevin.fr\/?s={search_term_string}"},"query-input":{"@type":"PropertyValueSpecification","valueRequired":true,"valueName":"search_term_string"}}],"inLanguage":"fr-FR"},{"@type":"Organization","@id":"https:\/\/alice-poitevin.fr\/#organization","name":"Alice POITEVIN","url":"https:\/\/alice-poitevin.fr\/","logo":{"@type":"ImageObject","inLanguage":"fr-FR","@id":"https:\/\/alice-poitevin.fr\/#\/schema\/logo\/image\/","url":"https:\/\/alice-poitevin.fr\/wp-content\/uploads\/2024\/08\/LOGO-4-2-1.png","contentUrl":"https:\/\/alice-poitevin.fr\/wp-content\/uploads\/2024\/08\/LOGO-4-2-1.png","width":500,"height":500,"caption":"Alice POITEVIN"},"image":{"@id":"https:\/\/alice-poitevin.fr\/#\/schema\/logo\/image\/"}}]}},"_links":{"self":[{"href":"https:\/\/alice-poitevin.fr\/index.php\/wp-json\/wp\/v2\/pages\/433","targetHints":{"allow":["GET"]}}],"collection":[{"href":"https:\/\/alice-poitevin.fr\/index.php\/wp-json\/wp\/v2\/pages"}],"about":[{"href":"https:\/\/alice-poitevin.fr\/index.php\/wp-json\/wp\/v2\/types\/page"}],"author":[{"embeddable":true,"href":"https:\/\/alice-poitevin.fr\/index.php\/wp-json\/wp\/v2\/users\/1"}],"replies":[{"embeddable":true,"href":"https:\/\/alice-poitevin.fr\/index.php\/wp-json\/wp\/v2\/comments?post=433"}],"version-history":[{"count":24,"href":"https:\/\/alice-poitevin.fr\/index.php\/wp-json\/wp\/v2\/pages\/433\/revisions"}],"predecessor-version":[{"id":894,"href":"https:\/\/alice-poitevin.fr\/index.php\/wp-json\/wp\/v2\/pages\/433\/revisions\/894"}],"wp:attachment":[{"href":"https:\/\/alice-poitevin.fr\/index.php\/wp-json\/wp\/v2\/media?parent=433"}],"curies":[{"name":"wp","href":"https:\/\/api.w.org\/{rel}","templated":true}]}}